{"id":9626,"date":"2022-02-08T09:33:10","date_gmt":"2022-02-08T08:33:10","guid":{"rendered":"https:\/\/laurencepm-photo.com\/boutique\/?post_type=product&#038;p=9626"},"modified":"2025-12-09T16:35:53","modified_gmt":"2025-12-09T15:35:53","slug":"cathedrale-st-paul-et-le-millenium-bridge-a-londres-nb","status":"publish","type":"product","link":"https:\/\/laurencepm-photo.com\/boutique\/produit\/cathedrale-st-paul-et-le-millenium-bridge-a-londres-nb\/","title":{"rendered":"Cath\u00e9drale St Paul et le Millenium Bridge \u00e0 Londres (N&#038;B)"},"content":{"rendered":"","protected":false},"excerpt":{"rendered":"<h3>La Cath\u00e9drale St Paul et le Millenium Bridge r\u00e9unis dans une photographie de la ville de Londres.<\/h3>\n<p><a href=\"https:\/\/laurencepm-photo.com\/boutique\/typesdesupports\" target=\"_blank\" rel=\"noopener\">Toutes les infos sur les supports disponibles ici<\/a><\/p>\n<p>Si vous avez besoin d&#8217;un devis pour un encadrement, envoyez-moi un <a href=\"mailto:contact@laurencepm-photo.com\">email<\/a> avec vos souhaits et je vous enverrai un devis personnalis\u00e9.<br \/>\nSi vous ne trouvez pas le format que vous souhaitez, contactez-moi pour un devis.<\/p>\n","protected":false},"featured_media":9645,"template":"","meta":{"_editorskit_title_hidden":false,"_editorskit_reading_time":0,"_editorskit_is_block_options_detached":false,"_editorskit_block_options_position":"{}"},"product_brand":[],"product_cat":[120,94,78],"product_tag":[],"class_list":{"0":"post-9626","1":"product","2":"type-product","3":"status-publish","4":"has-post-thumbnail","6":"product_cat-noir-blanc","7":"product_cat-photos-de-voyages","8":"product_cat-urbain","10":"first","11":"instock","12":"shipping-taxable","13":"purchasable","14":"product-type-variable"},"yoast_head":"<!-- This site is optimized with the Yoast SEO plugin v26.6 - https:\/\/yoast.com\/wordpress\/plugins\/seo\/ -->\n<title>Cath\u00e9drale St Paul et le Millenium Bridge \u00e0 Londres (N&amp;B) - Boutique de tirages d&#039;art - Photos de paysages et de voyage<\/title>\n<meta name=\"robots\" content=\"index, follow, max-snippet:-1, max-image-preview:large, max-video-preview:-1\" \/>\n<link rel=\"canonical\" href=\"https:\/\/laurencepm-photo.com\/boutique\/produit\/cathedrale-st-paul-et-le-millenium-bridge-a-londres-nb\/\" \/>\n<meta property=\"og:locale\" content=\"fr_FR\" \/>\n<meta property=\"og:type\" content=\"article\" \/>\n<meta property=\"og:title\" content=\"Cath\u00e9drale St Paul et le Millenium Bridge \u00e0 Londres (N&amp;B) - Boutique de tirages d&#039;art - Photos de paysages et de voyage\" \/>\n<meta property=\"og:description\" content=\"La Cath\u00e9drale St Paul et le Millenium Bridge r\u00e9unis dans une photographie de la ville de Londres. Toutes les infos sur les supports disponibles ici  Si vous avez besoin d&#039;un devis pour un encadrement, envoyez-moi un email avec vos souhaits et je vous enverrai un devis personnalis\u00e9. Si vous ne trouvez pas le format que vous souhaitez, contactez-moi pour un devis.\" \/>\n<meta property=\"og:url\" content=\"https:\/\/laurencepm-photo.com\/boutique\/produit\/cathedrale-st-paul-et-le-millenium-bridge-a-londres-nb\/\" \/>\n<meta property=\"og:site_name\" content=\"Boutique de tirages d&#039;art - Photos de paysages et de voyage\" \/>\n<meta property=\"article:modified_time\" content=\"2025-12-09T15:35:53+00:00\" \/>\n<meta property=\"og:image\" content=\"https:\/\/laurencepm-photo.com\/boutique\/wp-content\/uploads\/2022\/02\/1081-st-paul-londres-millenium-bridge-london-nb.jpg\" \/>\n\t<meta property=\"og:image:width\" content=\"900\" \/>\n\t<meta property=\"og:image:height\" content=\"600\" \/>\n\t<meta property=\"og:image:type\" content=\"image\/jpeg\" \/>\n<meta name=\"twitter:card\" content=\"summary_large_image\" \/>\n<meta name=\"twitter:label1\" content=\"Dur\u00e9e de lecture estim\u00e9e\" \/>\n\t<meta name=\"twitter:data1\" content=\"1 minute\" \/>\n<script type=\"application\/ld+json\" class=\"yoast-schema-graph\">{\"@context\":\"https:\/\/schema.org\",\"@graph\":[{\"@type\":\"WebPage\",\"@id\":\"https:\/\/laurencepm-photo.com\/boutique\/produit\/cathedrale-st-paul-et-le-millenium-bridge-a-londres-nb\/\",\"url\":\"https:\/\/laurencepm-photo.com\/boutique\/produit\/cathedrale-st-paul-et-le-millenium-bridge-a-londres-nb\/\",\"name\":\"Cath\u00e9drale St Paul et le Millenium Bridge \u00e0 Londres (N&B) - Boutique de tirages d&#039;art - Photos de paysages et de voyage\",\"isPartOf\":{\"@id\":\"https:\/\/laurencepm-photo.com\/boutique\/#website\"},\"primaryImageOfPage\":{\"@id\":\"https:\/\/laurencepm-photo.com\/boutique\/produit\/cathedrale-st-paul-et-le-millenium-bridge-a-londres-nb\/#primaryimage\"},\"image\":{\"@id\":\"https:\/\/laurencepm-photo.com\/boutique\/produit\/cathedrale-st-paul-et-le-millenium-bridge-a-londres-nb\/#primaryimage\"},\"thumbnailUrl\":\"https:\/\/laurencepm-photo.com\/boutique\/wp-content\/uploads\/2022\/02\/1081-st-paul-londres-millenium-bridge-london-nb.jpg\",\"datePublished\":\"2022-02-08T08:33:10+00:00\",\"dateModified\":\"2025-12-09T15:35:53+00:00\",\"breadcrumb\":{\"@id\":\"https:\/\/laurencepm-photo.com\/boutique\/produit\/cathedrale-st-paul-et-le-millenium-bridge-a-londres-nb\/#breadcrumb\"},\"inLanguage\":\"fr-FR\",\"potentialAction\":[{\"@type\":\"ReadAction\",\"target\":[\"https:\/\/laurencepm-photo.com\/boutique\/produit\/cathedrale-st-paul-et-le-millenium-bridge-a-londres-nb\/\"]}]},{\"@type\":\"ImageObject\",\"inLanguage\":\"fr-FR\",\"@id\":\"https:\/\/laurencepm-photo.com\/boutique\/produit\/cathedrale-st-paul-et-le-millenium-bridge-a-londres-nb\/#primaryimage\",\"url\":\"https:\/\/laurencepm-photo.com\/boutique\/wp-content\/uploads\/2022\/02\/1081-st-paul-londres-millenium-bridge-london-nb.jpg\",\"contentUrl\":\"https:\/\/laurencepm-photo.com\/boutique\/wp-content\/uploads\/2022\/02\/1081-st-paul-londres-millenium-bridge-london-nb.jpg\",\"width\":900,\"height\":600,\"caption\":\"Achat de photo de saint paul et millenium bridge \u00e0 Londres en noir et blanc\"},{\"@type\":\"BreadcrumbList\",\"@id\":\"https:\/\/laurencepm-photo.com\/boutique\/produit\/cathedrale-st-paul-et-le-millenium-bridge-a-londres-nb\/#breadcrumb\",\"itemListElement\":[{\"@type\":\"ListItem\",\"position\":1,\"name\":\"Accueil\",\"item\":\"https:\/\/laurencepm-photo.com\/boutique\/\"},{\"@type\":\"ListItem\",\"position\":2,\"name\":\"Page d\u2019exemple\",\"item\":\"https:\/\/laurencepm-photo.com\/boutique\/page-d-exemple\/\"},{\"@type\":\"ListItem\",\"position\":3,\"name\":\"Cath\u00e9drale St Paul et le Millenium Bridge \u00e0 Londres (N&#038;B)\"}]},{\"@type\":\"WebSite\",\"@id\":\"https:\/\/laurencepm-photo.com\/boutique\/#website\",\"url\":\"https:\/\/laurencepm-photo.com\/boutique\/\",\"name\":\"Boutique de tirages d'art - Photos de paysages et de voyage\",\"description\":\"\",\"publisher\":{\"@id\":\"https:\/\/laurencepm-photo.com\/boutique\/#organization\"},\"potentialAction\":[{\"@type\":\"SearchAction\",\"target\":{\"@type\":\"EntryPoint\",\"urlTemplate\":\"https:\/\/laurencepm-photo.com\/boutique\/?s={search_term_string}\"},\"query-input\":{\"@type\":\"PropertyValueSpecification\",\"valueRequired\":true,\"valueName\":\"search_term_string\"}}],\"inLanguage\":\"fr-FR\"},{\"@type\":\"Organization\",\"@id\":\"https:\/\/laurencepm-photo.com\/boutique\/#organization\",\"name\":\"Laurence PM Photo\",\"url\":\"https:\/\/laurencepm-photo.com\/boutique\/\",\"logo\":{\"@type\":\"ImageObject\",\"inLanguage\":\"fr-FR\",\"@id\":\"https:\/\/laurencepm-photo.com\/boutique\/#\/schema\/logo\/image\/\",\"url\":\"https:\/\/laurencepm-photo.com\/boutique\/wp-content\/uploads\/2021\/09\/logophoto.png\",\"contentUrl\":\"https:\/\/laurencepm-photo.com\/boutique\/wp-content\/uploads\/2021\/09\/logophoto.png\",\"width\":1320,\"height\":549,\"caption\":\"Laurence PM Photo\"},\"image\":{\"@id\":\"https:\/\/laurencepm-photo.com\/boutique\/#\/schema\/logo\/image\/\"},\"sameAs\":[\"https:\/\/www.instagram.com\/laurencepmphoto\/\"]}]}<\/script>\n<!-- \/ Yoast SEO plugin. -->","yoast_head_json":{"title":"Cath\u00e9drale St Paul et le Millenium Bridge \u00e0 Londres (N&B) - Boutique de tirages d&#039;art - Photos de paysages et de voyage","robots":{"index":"index","follow":"follow","max-snippet":"max-snippet:-1","max-image-preview":"max-image-preview:large","max-video-preview":"max-video-preview:-1"},"canonical":"https:\/\/laurencepm-photo.com\/boutique\/produit\/cathedrale-st-paul-et-le-millenium-bridge-a-londres-nb\/","og_locale":"fr_FR","og_type":"article","og_title":"Cath\u00e9drale St Paul et le Millenium Bridge \u00e0 Londres (N&B) - Boutique de tirages d&#039;art - Photos de paysages et de voyage","og_description":"La Cath\u00e9drale St Paul et le Millenium Bridge r\u00e9unis dans une photographie de la ville de Londres. Toutes les infos sur les supports disponibles ici  Si vous avez besoin d'un devis pour un encadrement, envoyez-moi un email avec vos souhaits et je vous enverrai un devis personnalis\u00e9. Si vous ne trouvez pas le format que vous souhaitez, contactez-moi pour un devis.","og_url":"https:\/\/laurencepm-photo.com\/boutique\/produit\/cathedrale-st-paul-et-le-millenium-bridge-a-londres-nb\/","og_site_name":"Boutique de tirages d&#039;art - Photos de paysages et de voyage","article_modified_time":"2025-12-09T15:35:53+00:00","og_image":[{"width":900,"height":600,"url":"https:\/\/laurencepm-photo.com\/boutique\/wp-content\/uploads\/2022\/02\/1081-st-paul-londres-millenium-bridge-london-nb.jpg","type":"image\/jpeg"}],"twitter_card":"summary_large_image","twitter_misc":{"Dur\u00e9e de lecture estim\u00e9e":"1 minute"},"schema":{"@context":"https:\/\/schema.org","@graph":[{"@type":"WebPage","@id":"https:\/\/laurencepm-photo.com\/boutique\/produit\/cathedrale-st-paul-et-le-millenium-bridge-a-londres-nb\/","url":"https:\/\/laurencepm-photo.com\/boutique\/produit\/cathedrale-st-paul-et-le-millenium-bridge-a-londres-nb\/","name":"Cath\u00e9drale St Paul et le Millenium Bridge \u00e0 Londres (N&B) - Boutique de tirages d&#039;art - Photos de paysages et de voyage","isPartOf":{"@id":"https:\/\/laurencepm-photo.com\/boutique\/#website"},"primaryImageOfPage":{"@id":"https:\/\/laurencepm-photo.com\/boutique\/produit\/cathedrale-st-paul-et-le-millenium-bridge-a-londres-nb\/#primaryimage"},"image":{"@id":"https:\/\/laurencepm-photo.com\/boutique\/produit\/cathedrale-st-paul-et-le-millenium-bridge-a-londres-nb\/#primaryimage"},"thumbnailUrl":"https:\/\/laurencepm-photo.com\/boutique\/wp-content\/uploads\/2022\/02\/1081-st-paul-londres-millenium-bridge-london-nb.jpg","datePublished":"2022-02-08T08:33:10+00:00","dateModified":"2025-12-09T15:35:53+00:00","breadcrumb":{"@id":"https:\/\/laurencepm-photo.com\/boutique\/produit\/cathedrale-st-paul-et-le-millenium-bridge-a-londres-nb\/#breadcrumb"},"inLanguage":"fr-FR","potentialAction":[{"@type":"ReadAction","target":["https:\/\/laurencepm-photo.com\/boutique\/produit\/cathedrale-st-paul-et-le-millenium-bridge-a-londres-nb\/"]}]},{"@type":"ImageObject","inLanguage":"fr-FR","@id":"https:\/\/laurencepm-photo.com\/boutique\/produit\/cathedrale-st-paul-et-le-millenium-bridge-a-londres-nb\/#primaryimage","url":"https:\/\/laurencepm-photo.com\/boutique\/wp-content\/uploads\/2022\/02\/1081-st-paul-londres-millenium-bridge-london-nb.jpg","contentUrl":"https:\/\/laurencepm-photo.com\/boutique\/wp-content\/uploads\/2022\/02\/1081-st-paul-londres-millenium-bridge-london-nb.jpg","width":900,"height":600,"caption":"Achat de photo de saint paul et millenium bridge \u00e0 Londres en noir et blanc"},{"@type":"BreadcrumbList","@id":"https:\/\/laurencepm-photo.com\/boutique\/produit\/cathedrale-st-paul-et-le-millenium-bridge-a-londres-nb\/#breadcrumb","itemListElement":[{"@type":"ListItem","position":1,"name":"Accueil","item":"https:\/\/laurencepm-photo.com\/boutique\/"},{"@type":"ListItem","position":2,"name":"Page d\u2019exemple","item":"https:\/\/laurencepm-photo.com\/boutique\/page-d-exemple\/"},{"@type":"ListItem","position":3,"name":"Cath\u00e9drale St Paul et le Millenium Bridge \u00e0 Londres (N&#038;B)"}]},{"@type":"WebSite","@id":"https:\/\/laurencepm-photo.com\/boutique\/#website","url":"https:\/\/laurencepm-photo.com\/boutique\/","name":"Boutique de tirages d'art - Photos de paysages et de voyage","description":"","publisher":{"@id":"https:\/\/laurencepm-photo.com\/boutique\/#organization"},"potentialAction":[{"@type":"SearchAction","target":{"@type":"EntryPoint","urlTemplate":"https:\/\/laurencepm-photo.com\/boutique\/?s={search_term_string}"},"query-input":{"@type":"PropertyValueSpecification","valueRequired":true,"valueName":"search_term_string"}}],"inLanguage":"fr-FR"},{"@type":"Organization","@id":"https:\/\/laurencepm-photo.com\/boutique\/#organization","name":"Laurence PM Photo","url":"https:\/\/laurencepm-photo.com\/boutique\/","logo":{"@type":"ImageObject","inLanguage":"fr-FR","@id":"https:\/\/laurencepm-photo.com\/boutique\/#\/schema\/logo\/image\/","url":"https:\/\/laurencepm-photo.com\/boutique\/wp-content\/uploads\/2021\/09\/logophoto.png","contentUrl":"https:\/\/laurencepm-photo.com\/boutique\/wp-content\/uploads\/2021\/09\/logophoto.png","width":1320,"height":549,"caption":"Laurence PM Photo"},"image":{"@id":"https:\/\/laurencepm-photo.com\/boutique\/#\/schema\/logo\/image\/"},"sameAs":["https:\/\/www.instagram.com\/laurencepmphoto\/"]}]}},"jetpack_sharing_enabled":true,"_links":{"self":[{"href":"https:\/\/laurencepm-photo.com\/boutique\/wp-json\/wp\/v2\/product\/9626","targetHints":{"allow":["GET"]}}],"collection":[{"href":"https:\/\/laurencepm-photo.com\/boutique\/wp-json\/wp\/v2\/product"}],"about":[{"href":"https:\/\/laurencepm-photo.com\/boutique\/wp-json\/wp\/v2\/types\/product"}],"wp:featuredmedia":[{"embeddable":true,"href":"https:\/\/laurencepm-photo.com\/boutique\/wp-json\/wp\/v2\/media\/9645"}],"wp:attachment":[{"href":"https:\/\/laurencepm-photo.com\/boutique\/wp-json\/wp\/v2\/media?parent=9626"}],"wp:term":[{"taxonomy":"product_brand","embeddable":true,"href":"https:\/\/laurencepm-photo.com\/boutique\/wp-json\/wp\/v2\/product_brand?post=9626"},{"taxonomy":"product_cat","embeddable":true,"href":"https:\/\/laurencepm-photo.com\/boutique\/wp-json\/wp\/v2\/product_cat?post=9626"},{"taxonomy":"product_tag","embeddable":true,"href":"https:\/\/laurencepm-photo.com\/boutique\/wp-json\/wp\/v2\/product_tag?post=9626"}],"curies":[{"name":"wp","href":"https:\/\/api.w.org\/{rel}","templated":true}]}}