{"id":9414,"date":"2021-12-10T12:39:44","date_gmt":"2021-12-10T11:39:44","guid":{"rendered":"https:\/\/laurencepm-photo.com\/boutique\/?post_type=product&#038;p=9414"},"modified":"2022-02-09T15:07:13","modified_gmt":"2022-02-09T14:07:13","slug":"calendrier-photo-perpetuel-format-a3","status":"publish","type":"product","link":"https:\/\/laurencepm-photo.com\/boutique\/produit\/calendrier-photo-perpetuel-format-a3\/","title":{"rendered":"Calendrier photo PERPETUEL &#8211; Format A3"},"content":{"rendered":"","protected":false},"excerpt":{"rendered":"<p>Calendrier photo permanent au format A3 (30x45cm) compos\u00e9 de 12 photographies de paysages issues de la boutique de tirages, \u00e0 d\u00e9couvrir au fil des mois.<\/p>\n<p>Il vous servira \u00e0 noter les anniversaires, \u00e9v\u00e8nements r\u00e9currents, etc, vous le garderez longtemps et pouvez le d\u00e9marrer n&#8217;importe quand dans l&#8217;ann\u00e9e !<\/p>\n<p>Choisissez bien l&#8217;option d&#8217;exp\u00e9dition d\u00e9di\u00e9e.<\/p>\n","protected":false},"featured_media":9418,"template":"","meta":{"_editorskit_title_hidden":false,"_editorskit_reading_time":0,"_editorskit_is_block_options_detached":false,"_editorskit_block_options_position":"{}"},"product_brand":[],"product_cat":[118],"product_tag":[],"class_list":{"0":"post-9414","1":"product","2":"type-product","3":"status-publish","4":"has-post-thumbnail","6":"product_cat-calendrier-photo","8":"first","9":"instock","10":"shipping-taxable","11":"purchasable","12":"product-type-simple"},"yoast_head":"<!-- This site is optimized with the Yoast SEO plugin v26.6 - https:\/\/yoast.com\/wordpress\/plugins\/seo\/ -->\n<title>Calendrier photo PERPETUEL - Format A3 - Boutique de tirages d&#039;art - Photos de paysages et de voyage<\/title>\n<meta name=\"robots\" content=\"index, follow, max-snippet:-1, max-image-preview:large, max-video-preview:-1\" \/>\n<link rel=\"canonical\" href=\"https:\/\/laurencepm-photo.com\/boutique\/produit\/calendrier-photo-perpetuel-format-a3\/\" \/>\n<meta property=\"og:locale\" content=\"fr_FR\" \/>\n<meta property=\"og:type\" content=\"article\" \/>\n<meta property=\"og:title\" content=\"Calendrier photo PERPETUEL - Format A3 - Boutique de tirages d&#039;art - Photos de paysages et de voyage\" \/>\n<meta property=\"og:description\" content=\"Calendrier photo permanent au format A3 (30x45cm) compos\u00e9 de 12 photographies de paysages issues de la boutique de tirages, \u00e0 d\u00e9couvrir au fil des mois.  Il vous servira \u00e0 noter les anniversaires, \u00e9v\u00e8nements r\u00e9currents, etc, vous le garderez longtemps et pouvez le d\u00e9marrer n&#039;importe quand dans l&#039;ann\u00e9e !  Choisissez bien l&#039;option d&#039;exp\u00e9dition d\u00e9di\u00e9e.\" \/>\n<meta property=\"og:url\" content=\"https:\/\/laurencepm-photo.com\/boutique\/produit\/calendrier-photo-perpetuel-format-a3\/\" \/>\n<meta property=\"og:site_name\" content=\"Boutique de tirages d&#039;art - Photos de paysages et de voyage\" \/>\n<meta property=\"article:modified_time\" content=\"2022-02-09T14:07:13+00:00\" \/>\n<meta property=\"og:image\" content=\"https:\/\/laurencepm-photo.com\/boutique\/wp-content\/uploads\/2021\/12\/UNE.jpg\" \/>\n\t<meta property=\"og:image:width\" content=\"620\" \/>\n\t<meta property=\"og:image:height\" content=\"877\" \/>\n\t<meta property=\"og:image:type\" content=\"image\/jpeg\" \/>\n<meta name=\"twitter:card\" content=\"summary_large_image\" \/>\n<script type=\"application\/ld+json\" class=\"yoast-schema-graph\">{\"@context\":\"https:\/\/schema.org\",\"@graph\":[{\"@type\":\"WebPage\",\"@id\":\"https:\/\/laurencepm-photo.com\/boutique\/produit\/calendrier-photo-perpetuel-format-a3\/\",\"url\":\"https:\/\/laurencepm-photo.com\/boutique\/produit\/calendrier-photo-perpetuel-format-a3\/\",\"name\":\"Calendrier photo PERPETUEL - Format A3 - Boutique de tirages d&#039;art - Photos de paysages et de voyage\",\"isPartOf\":{\"@id\":\"https:\/\/laurencepm-photo.com\/boutique\/#website\"},\"primaryImageOfPage\":{\"@id\":\"https:\/\/laurencepm-photo.com\/boutique\/produit\/calendrier-photo-perpetuel-format-a3\/#primaryimage\"},\"image\":{\"@id\":\"https:\/\/laurencepm-photo.com\/boutique\/produit\/calendrier-photo-perpetuel-format-a3\/#primaryimage\"},\"thumbnailUrl\":\"https:\/\/laurencepm-photo.com\/boutique\/wp-content\/uploads\/2021\/12\/UNE.jpg\",\"datePublished\":\"2021-12-10T11:39:44+00:00\",\"dateModified\":\"2022-02-09T14:07:13+00:00\",\"breadcrumb\":{\"@id\":\"https:\/\/laurencepm-photo.com\/boutique\/produit\/calendrier-photo-perpetuel-format-a3\/#breadcrumb\"},\"inLanguage\":\"fr-FR\",\"potentialAction\":[{\"@type\":\"ReadAction\",\"target\":[\"https:\/\/laurencepm-photo.com\/boutique\/produit\/calendrier-photo-perpetuel-format-a3\/\"]}]},{\"@type\":\"ImageObject\",\"inLanguage\":\"fr-FR\",\"@id\":\"https:\/\/laurencepm-photo.com\/boutique\/produit\/calendrier-photo-perpetuel-format-a3\/#primaryimage\",\"url\":\"https:\/\/laurencepm-photo.com\/boutique\/wp-content\/uploads\/2021\/12\/UNE.jpg\",\"contentUrl\":\"https:\/\/laurencepm-photo.com\/boutique\/wp-content\/uploads\/2021\/12\/UNE.jpg\",\"width\":620,\"height\":877,\"caption\":\"Achat de calendrier de photo de paysages\"},{\"@type\":\"BreadcrumbList\",\"@id\":\"https:\/\/laurencepm-photo.com\/boutique\/produit\/calendrier-photo-perpetuel-format-a3\/#breadcrumb\",\"itemListElement\":[{\"@type\":\"ListItem\",\"position\":1,\"name\":\"Accueil\",\"item\":\"https:\/\/laurencepm-photo.com\/boutique\/\"},{\"@type\":\"ListItem\",\"position\":2,\"name\":\"Page d\u2019exemple\",\"item\":\"https:\/\/laurencepm-photo.com\/boutique\/page-d-exemple\/\"},{\"@type\":\"ListItem\",\"position\":3,\"name\":\"Calendrier photo PERPETUEL &#8211; Format A3\"}]},{\"@type\":\"WebSite\",\"@id\":\"https:\/\/laurencepm-photo.com\/boutique\/#website\",\"url\":\"https:\/\/laurencepm-photo.com\/boutique\/\",\"name\":\"Boutique de tirages d'art - Photos de paysages et de voyage\",\"description\":\"\",\"publisher\":{\"@id\":\"https:\/\/laurencepm-photo.com\/boutique\/#organization\"},\"potentialAction\":[{\"@type\":\"SearchAction\",\"target\":{\"@type\":\"EntryPoint\",\"urlTemplate\":\"https:\/\/laurencepm-photo.com\/boutique\/?s={search_term_string}\"},\"query-input\":{\"@type\":\"PropertyValueSpecification\",\"valueRequired\":true,\"valueName\":\"search_term_string\"}}],\"inLanguage\":\"fr-FR\"},{\"@type\":\"Organization\",\"@id\":\"https:\/\/laurencepm-photo.com\/boutique\/#organization\",\"name\":\"Laurence PM Photo\",\"url\":\"https:\/\/laurencepm-photo.com\/boutique\/\",\"logo\":{\"@type\":\"ImageObject\",\"inLanguage\":\"fr-FR\",\"@id\":\"https:\/\/laurencepm-photo.com\/boutique\/#\/schema\/logo\/image\/\",\"url\":\"https:\/\/laurencepm-photo.com\/boutique\/wp-content\/uploads\/2021\/09\/logophoto.png\",\"contentUrl\":\"https:\/\/laurencepm-photo.com\/boutique\/wp-content\/uploads\/2021\/09\/logophoto.png\",\"width\":1320,\"height\":549,\"caption\":\"Laurence PM Photo\"},\"image\":{\"@id\":\"https:\/\/laurencepm-photo.com\/boutique\/#\/schema\/logo\/image\/\"},\"sameAs\":[\"https:\/\/www.instagram.com\/laurencepmphoto\/\"]}]}<\/script>\n<!-- \/ Yoast SEO plugin. -->","yoast_head_json":{"title":"Calendrier photo PERPETUEL - Format A3 - Boutique de tirages d&#039;art - Photos de paysages et de voyage","robots":{"index":"index","follow":"follow","max-snippet":"max-snippet:-1","max-image-preview":"max-image-preview:large","max-video-preview":"max-video-preview:-1"},"canonical":"https:\/\/laurencepm-photo.com\/boutique\/produit\/calendrier-photo-perpetuel-format-a3\/","og_locale":"fr_FR","og_type":"article","og_title":"Calendrier photo PERPETUEL - Format A3 - Boutique de tirages d&#039;art - Photos de paysages et de voyage","og_description":"Calendrier photo permanent au format A3 (30x45cm) compos\u00e9 de 12 photographies de paysages issues de la boutique de tirages, \u00e0 d\u00e9couvrir au fil des mois.  Il vous servira \u00e0 noter les anniversaires, \u00e9v\u00e8nements r\u00e9currents, etc, vous le garderez longtemps et pouvez le d\u00e9marrer n'importe quand dans l'ann\u00e9e !  Choisissez bien l'option d'exp\u00e9dition d\u00e9di\u00e9e.","og_url":"https:\/\/laurencepm-photo.com\/boutique\/produit\/calendrier-photo-perpetuel-format-a3\/","og_site_name":"Boutique de tirages d&#039;art - Photos de paysages et de voyage","article_modified_time":"2022-02-09T14:07:13+00:00","og_image":[{"width":620,"height":877,"url":"https:\/\/laurencepm-photo.com\/boutique\/wp-content\/uploads\/2021\/12\/UNE.jpg","type":"image\/jpeg"}],"twitter_card":"summary_large_image","schema":{"@context":"https:\/\/schema.org","@graph":[{"@type":"WebPage","@id":"https:\/\/laurencepm-photo.com\/boutique\/produit\/calendrier-photo-perpetuel-format-a3\/","url":"https:\/\/laurencepm-photo.com\/boutique\/produit\/calendrier-photo-perpetuel-format-a3\/","name":"Calendrier photo PERPETUEL - Format A3 - Boutique de tirages d&#039;art - Photos de paysages et de voyage","isPartOf":{"@id":"https:\/\/laurencepm-photo.com\/boutique\/#website"},"primaryImageOfPage":{"@id":"https:\/\/laurencepm-photo.com\/boutique\/produit\/calendrier-photo-perpetuel-format-a3\/#primaryimage"},"image":{"@id":"https:\/\/laurencepm-photo.com\/boutique\/produit\/calendrier-photo-perpetuel-format-a3\/#primaryimage"},"thumbnailUrl":"https:\/\/laurencepm-photo.com\/boutique\/wp-content\/uploads\/2021\/12\/UNE.jpg","datePublished":"2021-12-10T11:39:44+00:00","dateModified":"2022-02-09T14:07:13+00:00","breadcrumb":{"@id":"https:\/\/laurencepm-photo.com\/boutique\/produit\/calendrier-photo-perpetuel-format-a3\/#breadcrumb"},"inLanguage":"fr-FR","potentialAction":[{"@type":"ReadAction","target":["https:\/\/laurencepm-photo.com\/boutique\/produit\/calendrier-photo-perpetuel-format-a3\/"]}]},{"@type":"ImageObject","inLanguage":"fr-FR","@id":"https:\/\/laurencepm-photo.com\/boutique\/produit\/calendrier-photo-perpetuel-format-a3\/#primaryimage","url":"https:\/\/laurencepm-photo.com\/boutique\/wp-content\/uploads\/2021\/12\/UNE.jpg","contentUrl":"https:\/\/laurencepm-photo.com\/boutique\/wp-content\/uploads\/2021\/12\/UNE.jpg","width":620,"height":877,"caption":"Achat de calendrier de photo de paysages"},{"@type":"BreadcrumbList","@id":"https:\/\/laurencepm-photo.com\/boutique\/produit\/calendrier-photo-perpetuel-format-a3\/#breadcrumb","itemListElement":[{"@type":"ListItem","position":1,"name":"Accueil","item":"https:\/\/laurencepm-photo.com\/boutique\/"},{"@type":"ListItem","position":2,"name":"Page d\u2019exemple","item":"https:\/\/laurencepm-photo.com\/boutique\/page-d-exemple\/"},{"@type":"ListItem","position":3,"name":"Calendrier photo PERPETUEL &#8211; Format A3"}]},{"@type":"WebSite","@id":"https:\/\/laurencepm-photo.com\/boutique\/#website","url":"https:\/\/laurencepm-photo.com\/boutique\/","name":"Boutique de tirages d'art - Photos de paysages et de voyage","description":"","publisher":{"@id":"https:\/\/laurencepm-photo.com\/boutique\/#organization"},"potentialAction":[{"@type":"SearchAction","target":{"@type":"EntryPoint","urlTemplate":"https:\/\/laurencepm-photo.com\/boutique\/?s={search_term_string}"},"query-input":{"@type":"PropertyValueSpecification","valueRequired":true,"valueName":"search_term_string"}}],"inLanguage":"fr-FR"},{"@type":"Organization","@id":"https:\/\/laurencepm-photo.com\/boutique\/#organization","name":"Laurence PM Photo","url":"https:\/\/laurencepm-photo.com\/boutique\/","logo":{"@type":"ImageObject","inLanguage":"fr-FR","@id":"https:\/\/laurencepm-photo.com\/boutique\/#\/schema\/logo\/image\/","url":"https:\/\/laurencepm-photo.com\/boutique\/wp-content\/uploads\/2021\/09\/logophoto.png","contentUrl":"https:\/\/laurencepm-photo.com\/boutique\/wp-content\/uploads\/2021\/09\/logophoto.png","width":1320,"height":549,"caption":"Laurence PM Photo"},"image":{"@id":"https:\/\/laurencepm-photo.com\/boutique\/#\/schema\/logo\/image\/"},"sameAs":["https:\/\/www.instagram.com\/laurencepmphoto\/"]}]}},"jetpack_sharing_enabled":true,"_links":{"self":[{"href":"https:\/\/laurencepm-photo.com\/boutique\/wp-json\/wp\/v2\/product\/9414","targetHints":{"allow":["GET"]}}],"collection":[{"href":"https:\/\/laurencepm-photo.com\/boutique\/wp-json\/wp\/v2\/product"}],"about":[{"href":"https:\/\/laurencepm-photo.com\/boutique\/wp-json\/wp\/v2\/types\/product"}],"wp:featuredmedia":[{"embeddable":true,"href":"https:\/\/laurencepm-photo.com\/boutique\/wp-json\/wp\/v2\/media\/9418"}],"wp:attachment":[{"href":"https:\/\/laurencepm-photo.com\/boutique\/wp-json\/wp\/v2\/media?parent=9414"}],"wp:term":[{"taxonomy":"product_brand","embeddable":true,"href":"https:\/\/laurencepm-photo.com\/boutique\/wp-json\/wp\/v2\/product_brand?post=9414"},{"taxonomy":"product_cat","embeddable":true,"href":"https:\/\/laurencepm-photo.com\/boutique\/wp-json\/wp\/v2\/product_cat?post=9414"},{"taxonomy":"product_tag","embeddable":true,"href":"https:\/\/laurencepm-photo.com\/boutique\/wp-json\/wp\/v2\/product_tag?post=9414"}],"curies":[{"name":"wp","href":"https:\/\/api.w.org\/{rel}","templated":true}]}}