{"id":8312,"date":"2021-09-27T15:47:59","date_gmt":"2021-09-27T13:47:59","guid":{"rendered":"https:\/\/laurencepm-photo.com\/boutique\/?post_type=product&#038;p=8312"},"modified":"2022-02-09T17:01:42","modified_gmt":"2022-02-09T16:01:42","slug":"comete-neowise-a-allonzier-la-caille","status":"publish","type":"product","link":"https:\/\/laurencepm-photo.com\/boutique\/produit\/comete-neowise-a-allonzier-la-caille\/","title":{"rendered":"Com\u00e8te Neowise \u00e0 Allonzier-La-Caille"},"content":{"rendered":"","protected":false},"excerpt":{"rendered":"<h3>Com\u00e8te Neowise d\u00e9but Juillet 2020 vers 4h du matin, le soleil commence \u00e0 se lever.<\/h3>\n<p><a href=\"https:\/\/laurencepm-photo.com\/boutique\/typesdesupports\" target=\"_blank\" rel=\"noopener\">Toutes les infos sur les supports disponibles ici<\/a><\/p>\n<p>Si vous avez besoin d&#8217;un devis pour un encadrement, envoyez-moi un <a href=\"mailto:contact@laurencepm-photo.com\">email<\/a> avec vos souhaits et je vous enverrai un devis personnalis\u00e9.<br \/>\nSi vous ne trouvez pas le format que vous souhaitez, contactez-moi pour un devis.<\/p>\n","protected":false},"featured_media":7802,"template":"","meta":{"_editorskit_title_hidden":false,"_editorskit_reading_time":0,"_editorskit_is_block_options_detached":false,"_editorskit_block_options_position":"{}"},"product_brand":[],"product_cat":[96],"product_tag":[],"class_list":{"0":"post-8312","1":"product","2":"type-product","3":"status-publish","4":"has-post-thumbnail","6":"product_cat-astrophoto","8":"first","9":"instock","10":"shipping-taxable","11":"purchasable","12":"product-type-variable"},"yoast_head":"<!-- This site is optimized with the Yoast SEO plugin v26.6 - https:\/\/yoast.com\/wordpress\/plugins\/seo\/ -->\n<title>Com\u00e8te Neowise \u00e0 Allonzier-La-Caille - Boutique de tirages d&#039;art - Photos de paysages et de voyage<\/title>\n<meta name=\"robots\" content=\"index, follow, max-snippet:-1, max-image-preview:large, max-video-preview:-1\" \/>\n<link rel=\"canonical\" href=\"https:\/\/laurencepm-photo.com\/boutique\/produit\/comete-neowise-a-allonzier-la-caille\/\" \/>\n<meta property=\"og:locale\" content=\"fr_FR\" \/>\n<meta property=\"og:type\" content=\"article\" \/>\n<meta property=\"og:title\" content=\"Com\u00e8te Neowise \u00e0 Allonzier-La-Caille - Boutique de tirages d&#039;art - Photos de paysages et de voyage\" \/>\n<meta property=\"og:description\" content=\"Com\u00e8te Neowise d\u00e9but Juillet 2020 vers 4h du matin, le soleil commence \u00e0 se lever. Toutes les infos sur les supports disponibles ici  Si vous avez besoin d&#039;un devis pour un encadrement, envoyez-moi un email avec vos souhaits et je vous enverrai un devis personnalis\u00e9. Si vous ne trouvez pas le format que vous souhaitez, contactez-moi pour un devis.\" \/>\n<meta property=\"og:url\" content=\"https:\/\/laurencepm-photo.com\/boutique\/produit\/comete-neowise-a-allonzier-la-caille\/\" \/>\n<meta property=\"og:site_name\" content=\"Boutique de tirages d&#039;art - Photos de paysages et de voyage\" \/>\n<meta property=\"article:modified_time\" content=\"2022-02-09T16:01:42+00:00\" \/>\n<meta property=\"og:image\" content=\"https:\/\/laurencepm-photo.com\/boutique\/wp-content\/uploads\/2021\/09\/1021-comete-neowise-allonzier.jpg\" \/>\n\t<meta property=\"og:image:width\" content=\"900\" \/>\n\t<meta property=\"og:image:height\" content=\"600\" \/>\n\t<meta property=\"og:image:type\" content=\"image\/jpeg\" \/>\n<meta name=\"twitter:card\" content=\"summary_large_image\" \/>\n<script type=\"application\/ld+json\" class=\"yoast-schema-graph\">{\"@context\":\"https:\/\/schema.org\",\"@graph\":[{\"@type\":\"WebPage\",\"@id\":\"https:\/\/laurencepm-photo.com\/boutique\/produit\/comete-neowise-a-allonzier-la-caille\/\",\"url\":\"https:\/\/laurencepm-photo.com\/boutique\/produit\/comete-neowise-a-allonzier-la-caille\/\",\"name\":\"Com\u00e8te Neowise \u00e0 Allonzier-La-Caille - Boutique de tirages d&#039;art - Photos de paysages et de voyage\",\"isPartOf\":{\"@id\":\"https:\/\/laurencepm-photo.com\/boutique\/#website\"},\"primaryImageOfPage\":{\"@id\":\"https:\/\/laurencepm-photo.com\/boutique\/produit\/comete-neowise-a-allonzier-la-caille\/#primaryimage\"},\"image\":{\"@id\":\"https:\/\/laurencepm-photo.com\/boutique\/produit\/comete-neowise-a-allonzier-la-caille\/#primaryimage\"},\"thumbnailUrl\":\"https:\/\/laurencepm-photo.com\/boutique\/wp-content\/uploads\/2021\/09\/1021-comete-neowise-allonzier.jpg\",\"datePublished\":\"2021-09-27T13:47:59+00:00\",\"dateModified\":\"2022-02-09T16:01:42+00:00\",\"breadcrumb\":{\"@id\":\"https:\/\/laurencepm-photo.com\/boutique\/produit\/comete-neowise-a-allonzier-la-caille\/#breadcrumb\"},\"inLanguage\":\"fr-FR\",\"potentialAction\":[{\"@type\":\"ReadAction\",\"target\":[\"https:\/\/laurencepm-photo.com\/boutique\/produit\/comete-neowise-a-allonzier-la-caille\/\"]}]},{\"@type\":\"ImageObject\",\"inLanguage\":\"fr-FR\",\"@id\":\"https:\/\/laurencepm-photo.com\/boutique\/produit\/comete-neowise-a-allonzier-la-caille\/#primaryimage\",\"url\":\"https:\/\/laurencepm-photo.com\/boutique\/wp-content\/uploads\/2021\/09\/1021-comete-neowise-allonzier.jpg\",\"contentUrl\":\"https:\/\/laurencepm-photo.com\/boutique\/wp-content\/uploads\/2021\/09\/1021-comete-neowise-allonzier.jpg\",\"width\":900,\"height\":600,\"caption\":\"Achat de photo de com\u00e8te neowise \u00e0 Allonzier-la-Caille\"},{\"@type\":\"BreadcrumbList\",\"@id\":\"https:\/\/laurencepm-photo.com\/boutique\/produit\/comete-neowise-a-allonzier-la-caille\/#breadcrumb\",\"itemListElement\":[{\"@type\":\"ListItem\",\"position\":1,\"name\":\"Accueil\",\"item\":\"https:\/\/laurencepm-photo.com\/boutique\/\"},{\"@type\":\"ListItem\",\"position\":2,\"name\":\"Page d\u2019exemple\",\"item\":\"https:\/\/laurencepm-photo.com\/boutique\/page-d-exemple\/\"},{\"@type\":\"ListItem\",\"position\":3,\"name\":\"Com\u00e8te Neowise \u00e0 Allonzier-La-Caille\"}]},{\"@type\":\"WebSite\",\"@id\":\"https:\/\/laurencepm-photo.com\/boutique\/#website\",\"url\":\"https:\/\/laurencepm-photo.com\/boutique\/\",\"name\":\"Boutique de tirages d'art - Photos de paysages et de voyage\",\"description\":\"\",\"publisher\":{\"@id\":\"https:\/\/laurencepm-photo.com\/boutique\/#organization\"},\"potentialAction\":[{\"@type\":\"SearchAction\",\"target\":{\"@type\":\"EntryPoint\",\"urlTemplate\":\"https:\/\/laurencepm-photo.com\/boutique\/?s={search_term_string}\"},\"query-input\":{\"@type\":\"PropertyValueSpecification\",\"valueRequired\":true,\"valueName\":\"search_term_string\"}}],\"inLanguage\":\"fr-FR\"},{\"@type\":\"Organization\",\"@id\":\"https:\/\/laurencepm-photo.com\/boutique\/#organization\",\"name\":\"Laurence PM Photo\",\"url\":\"https:\/\/laurencepm-photo.com\/boutique\/\",\"logo\":{\"@type\":\"ImageObject\",\"inLanguage\":\"fr-FR\",\"@id\":\"https:\/\/laurencepm-photo.com\/boutique\/#\/schema\/logo\/image\/\",\"url\":\"https:\/\/laurencepm-photo.com\/boutique\/wp-content\/uploads\/2021\/09\/logophoto.png\",\"contentUrl\":\"https:\/\/laurencepm-photo.com\/boutique\/wp-content\/uploads\/2021\/09\/logophoto.png\",\"width\":1320,\"height\":549,\"caption\":\"Laurence PM Photo\"},\"image\":{\"@id\":\"https:\/\/laurencepm-photo.com\/boutique\/#\/schema\/logo\/image\/\"},\"sameAs\":[\"https:\/\/www.instagram.com\/laurencepmphoto\/\"]}]}<\/script>\n<!-- \/ Yoast SEO plugin. -->","yoast_head_json":{"title":"Com\u00e8te Neowise \u00e0 Allonzier-La-Caille - Boutique de tirages d&#039;art - Photos de paysages et de voyage","robots":{"index":"index","follow":"follow","max-snippet":"max-snippet:-1","max-image-preview":"max-image-preview:large","max-video-preview":"max-video-preview:-1"},"canonical":"https:\/\/laurencepm-photo.com\/boutique\/produit\/comete-neowise-a-allonzier-la-caille\/","og_locale":"fr_FR","og_type":"article","og_title":"Com\u00e8te Neowise \u00e0 Allonzier-La-Caille - Boutique de tirages d&#039;art - Photos de paysages et de voyage","og_description":"Com\u00e8te Neowise d\u00e9but Juillet 2020 vers 4h du matin, le soleil commence \u00e0 se lever. Toutes les infos sur les supports disponibles ici  Si vous avez besoin d'un devis pour un encadrement, envoyez-moi un email avec vos souhaits et je vous enverrai un devis personnalis\u00e9. Si vous ne trouvez pas le format que vous souhaitez, contactez-moi pour un devis.","og_url":"https:\/\/laurencepm-photo.com\/boutique\/produit\/comete-neowise-a-allonzier-la-caille\/","og_site_name":"Boutique de tirages d&#039;art - Photos de paysages et de voyage","article_modified_time":"2022-02-09T16:01:42+00:00","og_image":[{"width":900,"height":600,"url":"https:\/\/laurencepm-photo.com\/boutique\/wp-content\/uploads\/2021\/09\/1021-comete-neowise-allonzier.jpg","type":"image\/jpeg"}],"twitter_card":"summary_large_image","schema":{"@context":"https:\/\/schema.org","@graph":[{"@type":"WebPage","@id":"https:\/\/laurencepm-photo.com\/boutique\/produit\/comete-neowise-a-allonzier-la-caille\/","url":"https:\/\/laurencepm-photo.com\/boutique\/produit\/comete-neowise-a-allonzier-la-caille\/","name":"Com\u00e8te Neowise \u00e0 Allonzier-La-Caille - Boutique de tirages d&#039;art - Photos de paysages et de voyage","isPartOf":{"@id":"https:\/\/laurencepm-photo.com\/boutique\/#website"},"primaryImageOfPage":{"@id":"https:\/\/laurencepm-photo.com\/boutique\/produit\/comete-neowise-a-allonzier-la-caille\/#primaryimage"},"image":{"@id":"https:\/\/laurencepm-photo.com\/boutique\/produit\/comete-neowise-a-allonzier-la-caille\/#primaryimage"},"thumbnailUrl":"https:\/\/laurencepm-photo.com\/boutique\/wp-content\/uploads\/2021\/09\/1021-comete-neowise-allonzier.jpg","datePublished":"2021-09-27T13:47:59+00:00","dateModified":"2022-02-09T16:01:42+00:00","breadcrumb":{"@id":"https:\/\/laurencepm-photo.com\/boutique\/produit\/comete-neowise-a-allonzier-la-caille\/#breadcrumb"},"inLanguage":"fr-FR","potentialAction":[{"@type":"ReadAction","target":["https:\/\/laurencepm-photo.com\/boutique\/produit\/comete-neowise-a-allonzier-la-caille\/"]}]},{"@type":"ImageObject","inLanguage":"fr-FR","@id":"https:\/\/laurencepm-photo.com\/boutique\/produit\/comete-neowise-a-allonzier-la-caille\/#primaryimage","url":"https:\/\/laurencepm-photo.com\/boutique\/wp-content\/uploads\/2021\/09\/1021-comete-neowise-allonzier.jpg","contentUrl":"https:\/\/laurencepm-photo.com\/boutique\/wp-content\/uploads\/2021\/09\/1021-comete-neowise-allonzier.jpg","width":900,"height":600,"caption":"Achat de photo de com\u00e8te neowise \u00e0 Allonzier-la-Caille"},{"@type":"BreadcrumbList","@id":"https:\/\/laurencepm-photo.com\/boutique\/produit\/comete-neowise-a-allonzier-la-caille\/#breadcrumb","itemListElement":[{"@type":"ListItem","position":1,"name":"Accueil","item":"https:\/\/laurencepm-photo.com\/boutique\/"},{"@type":"ListItem","position":2,"name":"Page d\u2019exemple","item":"https:\/\/laurencepm-photo.com\/boutique\/page-d-exemple\/"},{"@type":"ListItem","position":3,"name":"Com\u00e8te Neowise \u00e0 Allonzier-La-Caille"}]},{"@type":"WebSite","@id":"https:\/\/laurencepm-photo.com\/boutique\/#website","url":"https:\/\/laurencepm-photo.com\/boutique\/","name":"Boutique de tirages d'art - Photos de paysages et de voyage","description":"","publisher":{"@id":"https:\/\/laurencepm-photo.com\/boutique\/#organization"},"potentialAction":[{"@type":"SearchAction","target":{"@type":"EntryPoint","urlTemplate":"https:\/\/laurencepm-photo.com\/boutique\/?s={search_term_string}"},"query-input":{"@type":"PropertyValueSpecification","valueRequired":true,"valueName":"search_term_string"}}],"inLanguage":"fr-FR"},{"@type":"Organization","@id":"https:\/\/laurencepm-photo.com\/boutique\/#organization","name":"Laurence PM Photo","url":"https:\/\/laurencepm-photo.com\/boutique\/","logo":{"@type":"ImageObject","inLanguage":"fr-FR","@id":"https:\/\/laurencepm-photo.com\/boutique\/#\/schema\/logo\/image\/","url":"https:\/\/laurencepm-photo.com\/boutique\/wp-content\/uploads\/2021\/09\/logophoto.png","contentUrl":"https:\/\/laurencepm-photo.com\/boutique\/wp-content\/uploads\/2021\/09\/logophoto.png","width":1320,"height":549,"caption":"Laurence PM Photo"},"image":{"@id":"https:\/\/laurencepm-photo.com\/boutique\/#\/schema\/logo\/image\/"},"sameAs":["https:\/\/www.instagram.com\/laurencepmphoto\/"]}]}},"jetpack_sharing_enabled":true,"_links":{"self":[{"href":"https:\/\/laurencepm-photo.com\/boutique\/wp-json\/wp\/v2\/product\/8312","targetHints":{"allow":["GET"]}}],"collection":[{"href":"https:\/\/laurencepm-photo.com\/boutique\/wp-json\/wp\/v2\/product"}],"about":[{"href":"https:\/\/laurencepm-photo.com\/boutique\/wp-json\/wp\/v2\/types\/product"}],"wp:featuredmedia":[{"embeddable":true,"href":"https:\/\/laurencepm-photo.com\/boutique\/wp-json\/wp\/v2\/media\/7802"}],"wp:attachment":[{"href":"https:\/\/laurencepm-photo.com\/boutique\/wp-json\/wp\/v2\/media?parent=8312"}],"wp:term":[{"taxonomy":"product_brand","embeddable":true,"href":"https:\/\/laurencepm-photo.com\/boutique\/wp-json\/wp\/v2\/product_brand?post=8312"},{"taxonomy":"product_cat","embeddable":true,"href":"https:\/\/laurencepm-photo.com\/boutique\/wp-json\/wp\/v2\/product_cat?post=8312"},{"taxonomy":"product_tag","embeddable":true,"href":"https:\/\/laurencepm-photo.com\/boutique\/wp-json\/wp\/v2\/product_tag?post=8312"}],"curies":[{"name":"wp","href":"https:\/\/api.w.org\/{rel}","templated":true}]}}