{"id":8254,"date":"2021-09-27T15:33:50","date_gmt":"2021-09-27T13:33:50","guid":{"rendered":"https:\/\/laurencepm-photo.com\/boutique\/?post_type=product&#038;p=8254"},"modified":"2022-02-09T17:08:23","modified_gmt":"2022-02-09T16:08:23","slug":"coucher-de-soleil-a-bali","status":"publish","type":"product","link":"https:\/\/laurencepm-photo.com\/boutique\/produit\/coucher-de-soleil-a-bali\/","title":{"rendered":"Coucher de soleil \u00e0 Bali"},"content":{"rendered":"","protected":false},"excerpt":{"rendered":"<h3>Coucher de soleil sur l&#8217;\u00eele de Nusa Lembongan \u00e0 Bali, Indon\u00e9sie.<\/h3>\n<p><a href=\"https:\/\/laurencepm-photo.com\/boutique\/typesdesupports\" target=\"_blank\" rel=\"noopener\">Toutes les infos sur les supports disponibles ici<\/a><\/p>\n<p>Si vous avez besoin d&#8217;un devis pour un encadrement, envoyez-moi un <a href=\"mailto:contact@laurencepm-photo.com\">email<\/a> avec vos souhaits et je vous enverrai un devis personnalis\u00e9.<br \/>\nSi vous ne trouvez pas le format que vous souhaitez, contactez-moi pour un devis.<\/p>\n","protected":false},"featured_media":7798,"template":"","meta":{"_editorskit_title_hidden":false,"_editorskit_reading_time":0,"_editorskit_is_block_options_detached":false,"_editorskit_block_options_position":"{}"},"product_brand":[],"product_cat":[94],"product_tag":[],"class_list":{"0":"post-8254","1":"product","2":"type-product","3":"status-publish","4":"has-post-thumbnail","6":"product_cat-photos-de-voyages","8":"first","9":"instock","10":"shipping-taxable","11":"purchasable","12":"product-type-variable"},"yoast_head":"<!-- This site is optimized with the Yoast SEO plugin v26.6 - https:\/\/yoast.com\/wordpress\/plugins\/seo\/ -->\n<title>Coucher de soleil \u00e0 Bali - Boutique de tirages d&#039;art - Photos de paysages et de voyage<\/title>\n<meta name=\"robots\" content=\"index, follow, max-snippet:-1, max-image-preview:large, max-video-preview:-1\" \/>\n<link rel=\"canonical\" href=\"https:\/\/laurencepm-photo.com\/boutique\/produit\/coucher-de-soleil-a-bali\/\" \/>\n<meta property=\"og:locale\" content=\"fr_FR\" \/>\n<meta property=\"og:type\" content=\"article\" \/>\n<meta property=\"og:title\" content=\"Coucher de soleil \u00e0 Bali - Boutique de tirages d&#039;art - Photos de paysages et de voyage\" \/>\n<meta property=\"og:description\" content=\"Coucher de soleil sur l&#039;\u00eele de Nusa Lembongan \u00e0 Bali, Indon\u00e9sie. Toutes les infos sur les supports disponibles ici  Si vous avez besoin d&#039;un devis pour un encadrement, envoyez-moi un email avec vos souhaits et je vous enverrai un devis personnalis\u00e9. Si vous ne trouvez pas le format que vous souhaitez, contactez-moi pour un devis.\" \/>\n<meta property=\"og:url\" content=\"https:\/\/laurencepm-photo.com\/boutique\/produit\/coucher-de-soleil-a-bali\/\" \/>\n<meta property=\"og:site_name\" content=\"Boutique de tirages d&#039;art - Photos de paysages et de voyage\" \/>\n<meta property=\"article:modified_time\" content=\"2022-02-09T16:08:23+00:00\" \/>\n<meta property=\"og:image\" content=\"https:\/\/laurencepm-photo.com\/boutique\/wp-content\/uploads\/2021\/09\/1017-Bali-sunset-coucher-soleil-nusa-lembongan-2.jpg\" \/>\n\t<meta property=\"og:image:width\" content=\"900\" \/>\n\t<meta property=\"og:image:height\" content=\"600\" \/>\n\t<meta property=\"og:image:type\" content=\"image\/jpeg\" \/>\n<meta name=\"twitter:card\" content=\"summary_large_image\" \/>\n<script type=\"application\/ld+json\" class=\"yoast-schema-graph\">{\"@context\":\"https:\/\/schema.org\",\"@graph\":[{\"@type\":\"WebPage\",\"@id\":\"https:\/\/laurencepm-photo.com\/boutique\/produit\/coucher-de-soleil-a-bali\/\",\"url\":\"https:\/\/laurencepm-photo.com\/boutique\/produit\/coucher-de-soleil-a-bali\/\",\"name\":\"Coucher de soleil \u00e0 Bali - Boutique de tirages d&#039;art - Photos de paysages et de voyage\",\"isPartOf\":{\"@id\":\"https:\/\/laurencepm-photo.com\/boutique\/#website\"},\"primaryImageOfPage\":{\"@id\":\"https:\/\/laurencepm-photo.com\/boutique\/produit\/coucher-de-soleil-a-bali\/#primaryimage\"},\"image\":{\"@id\":\"https:\/\/laurencepm-photo.com\/boutique\/produit\/coucher-de-soleil-a-bali\/#primaryimage\"},\"thumbnailUrl\":\"https:\/\/laurencepm-photo.com\/boutique\/wp-content\/uploads\/2021\/09\/1017-Bali-sunset-coucher-soleil-nusa-lembongan-2.jpg\",\"datePublished\":\"2021-09-27T13:33:50+00:00\",\"dateModified\":\"2022-02-09T16:08:23+00:00\",\"breadcrumb\":{\"@id\":\"https:\/\/laurencepm-photo.com\/boutique\/produit\/coucher-de-soleil-a-bali\/#breadcrumb\"},\"inLanguage\":\"fr-FR\",\"potentialAction\":[{\"@type\":\"ReadAction\",\"target\":[\"https:\/\/laurencepm-photo.com\/boutique\/produit\/coucher-de-soleil-a-bali\/\"]}]},{\"@type\":\"ImageObject\",\"inLanguage\":\"fr-FR\",\"@id\":\"https:\/\/laurencepm-photo.com\/boutique\/produit\/coucher-de-soleil-a-bali\/#primaryimage\",\"url\":\"https:\/\/laurencepm-photo.com\/boutique\/wp-content\/uploads\/2021\/09\/1017-Bali-sunset-coucher-soleil-nusa-lembongan-2.jpg\",\"contentUrl\":\"https:\/\/laurencepm-photo.com\/boutique\/wp-content\/uploads\/2021\/09\/1017-Bali-sunset-coucher-soleil-nusa-lembongan-2.jpg\",\"width\":900,\"height\":600,\"caption\":\"Achat de photo de coucher de soleil sur une plage \u00e0 Bali\"},{\"@type\":\"BreadcrumbList\",\"@id\":\"https:\/\/laurencepm-photo.com\/boutique\/produit\/coucher-de-soleil-a-bali\/#breadcrumb\",\"itemListElement\":[{\"@type\":\"ListItem\",\"position\":1,\"name\":\"Accueil\",\"item\":\"https:\/\/laurencepm-photo.com\/boutique\/\"},{\"@type\":\"ListItem\",\"position\":2,\"name\":\"Page d\u2019exemple\",\"item\":\"https:\/\/laurencepm-photo.com\/boutique\/page-d-exemple\/\"},{\"@type\":\"ListItem\",\"position\":3,\"name\":\"Coucher de soleil \u00e0 Bali\"}]},{\"@type\":\"WebSite\",\"@id\":\"https:\/\/laurencepm-photo.com\/boutique\/#website\",\"url\":\"https:\/\/laurencepm-photo.com\/boutique\/\",\"name\":\"Boutique de tirages d'art - Photos de paysages et de voyage\",\"description\":\"\",\"publisher\":{\"@id\":\"https:\/\/laurencepm-photo.com\/boutique\/#organization\"},\"potentialAction\":[{\"@type\":\"SearchAction\",\"target\":{\"@type\":\"EntryPoint\",\"urlTemplate\":\"https:\/\/laurencepm-photo.com\/boutique\/?s={search_term_string}\"},\"query-input\":{\"@type\":\"PropertyValueSpecification\",\"valueRequired\":true,\"valueName\":\"search_term_string\"}}],\"inLanguage\":\"fr-FR\"},{\"@type\":\"Organization\",\"@id\":\"https:\/\/laurencepm-photo.com\/boutique\/#organization\",\"name\":\"Laurence PM Photo\",\"url\":\"https:\/\/laurencepm-photo.com\/boutique\/\",\"logo\":{\"@type\":\"ImageObject\",\"inLanguage\":\"fr-FR\",\"@id\":\"https:\/\/laurencepm-photo.com\/boutique\/#\/schema\/logo\/image\/\",\"url\":\"https:\/\/laurencepm-photo.com\/boutique\/wp-content\/uploads\/2021\/09\/logophoto.png\",\"contentUrl\":\"https:\/\/laurencepm-photo.com\/boutique\/wp-content\/uploads\/2021\/09\/logophoto.png\",\"width\":1320,\"height\":549,\"caption\":\"Laurence PM Photo\"},\"image\":{\"@id\":\"https:\/\/laurencepm-photo.com\/boutique\/#\/schema\/logo\/image\/\"},\"sameAs\":[\"https:\/\/www.instagram.com\/laurencepmphoto\/\"]}]}<\/script>\n<!-- \/ Yoast SEO plugin. -->","yoast_head_json":{"title":"Coucher de soleil \u00e0 Bali - Boutique de tirages d&#039;art - Photos de paysages et de voyage","robots":{"index":"index","follow":"follow","max-snippet":"max-snippet:-1","max-image-preview":"max-image-preview:large","max-video-preview":"max-video-preview:-1"},"canonical":"https:\/\/laurencepm-photo.com\/boutique\/produit\/coucher-de-soleil-a-bali\/","og_locale":"fr_FR","og_type":"article","og_title":"Coucher de soleil \u00e0 Bali - Boutique de tirages d&#039;art - Photos de paysages et de voyage","og_description":"Coucher de soleil sur l'\u00eele de Nusa Lembongan \u00e0 Bali, Indon\u00e9sie. Toutes les infos sur les supports disponibles ici  Si vous avez besoin d'un devis pour un encadrement, envoyez-moi un email avec vos souhaits et je vous enverrai un devis personnalis\u00e9. Si vous ne trouvez pas le format que vous souhaitez, contactez-moi pour un devis.","og_url":"https:\/\/laurencepm-photo.com\/boutique\/produit\/coucher-de-soleil-a-bali\/","og_site_name":"Boutique de tirages d&#039;art - Photos de paysages et de voyage","article_modified_time":"2022-02-09T16:08:23+00:00","og_image":[{"width":900,"height":600,"url":"https:\/\/laurencepm-photo.com\/boutique\/wp-content\/uploads\/2021\/09\/1017-Bali-sunset-coucher-soleil-nusa-lembongan-2.jpg","type":"image\/jpeg"}],"twitter_card":"summary_large_image","schema":{"@context":"https:\/\/schema.org","@graph":[{"@type":"WebPage","@id":"https:\/\/laurencepm-photo.com\/boutique\/produit\/coucher-de-soleil-a-bali\/","url":"https:\/\/laurencepm-photo.com\/boutique\/produit\/coucher-de-soleil-a-bali\/","name":"Coucher de soleil \u00e0 Bali - Boutique de tirages d&#039;art - Photos de paysages et de voyage","isPartOf":{"@id":"https:\/\/laurencepm-photo.com\/boutique\/#website"},"primaryImageOfPage":{"@id":"https:\/\/laurencepm-photo.com\/boutique\/produit\/coucher-de-soleil-a-bali\/#primaryimage"},"image":{"@id":"https:\/\/laurencepm-photo.com\/boutique\/produit\/coucher-de-soleil-a-bali\/#primaryimage"},"thumbnailUrl":"https:\/\/laurencepm-photo.com\/boutique\/wp-content\/uploads\/2021\/09\/1017-Bali-sunset-coucher-soleil-nusa-lembongan-2.jpg","datePublished":"2021-09-27T13:33:50+00:00","dateModified":"2022-02-09T16:08:23+00:00","breadcrumb":{"@id":"https:\/\/laurencepm-photo.com\/boutique\/produit\/coucher-de-soleil-a-bali\/#breadcrumb"},"inLanguage":"fr-FR","potentialAction":[{"@type":"ReadAction","target":["https:\/\/laurencepm-photo.com\/boutique\/produit\/coucher-de-soleil-a-bali\/"]}]},{"@type":"ImageObject","inLanguage":"fr-FR","@id":"https:\/\/laurencepm-photo.com\/boutique\/produit\/coucher-de-soleil-a-bali\/#primaryimage","url":"https:\/\/laurencepm-photo.com\/boutique\/wp-content\/uploads\/2021\/09\/1017-Bali-sunset-coucher-soleil-nusa-lembongan-2.jpg","contentUrl":"https:\/\/laurencepm-photo.com\/boutique\/wp-content\/uploads\/2021\/09\/1017-Bali-sunset-coucher-soleil-nusa-lembongan-2.jpg","width":900,"height":600,"caption":"Achat de photo de coucher de soleil sur une plage \u00e0 Bali"},{"@type":"BreadcrumbList","@id":"https:\/\/laurencepm-photo.com\/boutique\/produit\/coucher-de-soleil-a-bali\/#breadcrumb","itemListElement":[{"@type":"ListItem","position":1,"name":"Accueil","item":"https:\/\/laurencepm-photo.com\/boutique\/"},{"@type":"ListItem","position":2,"name":"Page d\u2019exemple","item":"https:\/\/laurencepm-photo.com\/boutique\/page-d-exemple\/"},{"@type":"ListItem","position":3,"name":"Coucher de soleil \u00e0 Bali"}]},{"@type":"WebSite","@id":"https:\/\/laurencepm-photo.com\/boutique\/#website","url":"https:\/\/laurencepm-photo.com\/boutique\/","name":"Boutique de tirages d'art - Photos de paysages et de voyage","description":"","publisher":{"@id":"https:\/\/laurencepm-photo.com\/boutique\/#organization"},"potentialAction":[{"@type":"SearchAction","target":{"@type":"EntryPoint","urlTemplate":"https:\/\/laurencepm-photo.com\/boutique\/?s={search_term_string}"},"query-input":{"@type":"PropertyValueSpecification","valueRequired":true,"valueName":"search_term_string"}}],"inLanguage":"fr-FR"},{"@type":"Organization","@id":"https:\/\/laurencepm-photo.com\/boutique\/#organization","name":"Laurence PM Photo","url":"https:\/\/laurencepm-photo.com\/boutique\/","logo":{"@type":"ImageObject","inLanguage":"fr-FR","@id":"https:\/\/laurencepm-photo.com\/boutique\/#\/schema\/logo\/image\/","url":"https:\/\/laurencepm-photo.com\/boutique\/wp-content\/uploads\/2021\/09\/logophoto.png","contentUrl":"https:\/\/laurencepm-photo.com\/boutique\/wp-content\/uploads\/2021\/09\/logophoto.png","width":1320,"height":549,"caption":"Laurence PM Photo"},"image":{"@id":"https:\/\/laurencepm-photo.com\/boutique\/#\/schema\/logo\/image\/"},"sameAs":["https:\/\/www.instagram.com\/laurencepmphoto\/"]}]}},"jetpack_sharing_enabled":true,"_links":{"self":[{"href":"https:\/\/laurencepm-photo.com\/boutique\/wp-json\/wp\/v2\/product\/8254","targetHints":{"allow":["GET"]}}],"collection":[{"href":"https:\/\/laurencepm-photo.com\/boutique\/wp-json\/wp\/v2\/product"}],"about":[{"href":"https:\/\/laurencepm-photo.com\/boutique\/wp-json\/wp\/v2\/types\/product"}],"wp:featuredmedia":[{"embeddable":true,"href":"https:\/\/laurencepm-photo.com\/boutique\/wp-json\/wp\/v2\/media\/7798"}],"wp:attachment":[{"href":"https:\/\/laurencepm-photo.com\/boutique\/wp-json\/wp\/v2\/media?parent=8254"}],"wp:term":[{"taxonomy":"product_brand","embeddable":true,"href":"https:\/\/laurencepm-photo.com\/boutique\/wp-json\/wp\/v2\/product_brand?post=8254"},{"taxonomy":"product_cat","embeddable":true,"href":"https:\/\/laurencepm-photo.com\/boutique\/wp-json\/wp\/v2\/product_cat?post=8254"},{"taxonomy":"product_tag","embeddable":true,"href":"https:\/\/laurencepm-photo.com\/boutique\/wp-json\/wp\/v2\/product_tag?post=8254"}],"curies":[{"name":"wp","href":"https:\/\/api.w.org\/{rel}","templated":true}]}}