{"id":9,"date":"2021-09-10T16:29:50","date_gmt":"2021-09-10T14:29:50","guid":{"rendered":"https:\/\/laurencepm-photo.com\/boutique\/cart\/"},"modified":"2021-10-15T18:39:25","modified_gmt":"2021-10-15T16:39:25","slug":"cart","status":"publish","type":"page","link":"https:\/\/laurencepm-photo.com\/boutique\/cart\/","title":{"rendered":"Panier"},"content":{"rendered":"<div class=\"wpb-content-wrapper\"><p>[vc_row][vc_column][vc_column_text css_animation=&#8221;slideInDown&#8221;]<\/p>\r\n<h3><strong>Attention, pour toute commande en dehors de la France m\u00e9tropolitaine (et Corse), merci de me contacter pour conna\u00eetre le co\u00fbt de l&#8217;exp\u00e9dition.<\/strong><\/h3>\r\n<p>[\/vc_column_text][vc_column_text css_animation=&#8221;none&#8221;]<\/p>\r\n<p><p><strong><br \/><\/strong><\/p>\n\n\r\n<p>[\/vc_column_text][\/vc_column][\/vc_row]<\/p><\/div>","protected":false},"excerpt":{"rendered":"<p>[vc_row][vc_column][vc_column_text css_animation=&#8221;slideInDown&#8221;] Attention, pour toute commande en dehors de la France m\u00e9tropolitaine (et Corse), merci de me contacter pour conna\u00eetre le co\u00fbt de l&#8217;exp\u00e9dition. [\/vc_column_text][vc_column_text css_animation=&#8221;none&#8221;] [\/vc_column_text][\/vc_column][\/vc_row]<\/p>\n","protected":false},"author":1,"featured_media":0,"parent":0,"menu_order":0,"comment_status":"closed","ping_status":"closed","template":"","meta":{"_editorskit_title_hidden":false,"_editorskit_reading_time":0,"_editorskit_is_block_options_detached":false,"_editorskit_block_options_position":"{}","footnotes":""},"class_list":["post-9","page","type-page","status-publish","hentry"],"yoast_head":"<!-- This site is optimized with the Yoast SEO plugin v26.6 - https:\/\/yoast.com\/wordpress\/plugins\/seo\/ -->\n<title>Panier - Boutique de tirages d&#039;art - Photos de paysages et de voyage<\/title>\n<meta name=\"description\" content=\"Photos de paysages disponibles sur tous types de supports et toutes dimensions. Imprim\u00e9es en France. D\u00e9coration des murs, bureaux, \u00e0 offrir, bons cadeaux et tirages d&#039;art. Photos de Annecy, Rh\u00f4ne-Alpes, Parcs americains, photos de voyage, photo urbaine\" \/>\n<meta name=\"robots\" content=\"index, follow, max-snippet:-1, max-image-preview:large, max-video-preview:-1\" \/>\n<link rel=\"canonical\" href=\"https:\/\/laurencepm-photo.com\/boutique\/cart\/\" \/>\n<meta property=\"og:locale\" content=\"fr_FR\" \/>\n<meta property=\"og:type\" content=\"article\" \/>\n<meta property=\"og:title\" content=\"Panier - Boutique de tirages d&#039;art - Photos de paysages et de voyage\" \/>\n<meta property=\"og:description\" content=\"Photos de paysages disponibles sur tous types de supports et toutes dimensions. Imprim\u00e9es en France. D\u00e9coration des murs, bureaux, \u00e0 offrir, bons cadeaux et tirages d&#039;art. Photos de Annecy, Rh\u00f4ne-Alpes, Parcs americains, photos de voyage, photo urbaine\" \/>\n<meta property=\"og:url\" content=\"https:\/\/laurencepm-photo.com\/boutique\/cart\/\" \/>\n<meta property=\"og:site_name\" content=\"Boutique de tirages d&#039;art - Photos de paysages et de voyage\" \/>\n<meta property=\"article:modified_time\" content=\"2021-10-15T16:39:25+00:00\" \/>\n<meta name=\"twitter:card\" content=\"summary_large_image\" \/>\n<script type=\"application\/ld+json\" class=\"yoast-schema-graph\">{\"@context\":\"https:\/\/schema.org\",\"@graph\":[{\"@type\":\"WebPage\",\"@id\":\"https:\/\/laurencepm-photo.com\/boutique\/cart\/\",\"url\":\"https:\/\/laurencepm-photo.com\/boutique\/cart\/\",\"name\":\"Panier - Boutique de tirages d&#039;art - Photos de paysages et de voyage\",\"isPartOf\":{\"@id\":\"https:\/\/laurencepm-photo.com\/boutique\/#website\"},\"datePublished\":\"2021-09-10T14:29:50+00:00\",\"dateModified\":\"2021-10-15T16:39:25+00:00\",\"description\":\"Photos de paysages disponibles sur tous types de supports et toutes dimensions. Imprim\u00e9es en France. D\u00e9coration des murs, bureaux, \u00e0 offrir, bons cadeaux et tirages d'art. Photos de Annecy, Rh\u00f4ne-Alpes, Parcs americains, photos de voyage, photo urbaine\",\"breadcrumb\":{\"@id\":\"https:\/\/laurencepm-photo.com\/boutique\/cart\/#breadcrumb\"},\"inLanguage\":\"fr-FR\",\"potentialAction\":[{\"@type\":\"ReadAction\",\"target\":[\"https:\/\/laurencepm-photo.com\/boutique\/cart\/\"]}]},{\"@type\":\"BreadcrumbList\",\"@id\":\"https:\/\/laurencepm-photo.com\/boutique\/cart\/#breadcrumb\",\"itemListElement\":[{\"@type\":\"ListItem\",\"position\":1,\"name\":\"Accueil\",\"item\":\"https:\/\/laurencepm-photo.com\/boutique\/\"},{\"@type\":\"ListItem\",\"position\":2,\"name\":\"Panier\"}]},{\"@type\":\"WebSite\",\"@id\":\"https:\/\/laurencepm-photo.com\/boutique\/#website\",\"url\":\"https:\/\/laurencepm-photo.com\/boutique\/\",\"name\":\"Boutique de tirages d'art - Photos de paysages et de voyage\",\"description\":\"\",\"publisher\":{\"@id\":\"https:\/\/laurencepm-photo.com\/boutique\/#organization\"},\"potentialAction\":[{\"@type\":\"SearchAction\",\"target\":{\"@type\":\"EntryPoint\",\"urlTemplate\":\"https:\/\/laurencepm-photo.com\/boutique\/?s={search_term_string}\"},\"query-input\":{\"@type\":\"PropertyValueSpecification\",\"valueRequired\":true,\"valueName\":\"search_term_string\"}}],\"inLanguage\":\"fr-FR\"},{\"@type\":\"Organization\",\"@id\":\"https:\/\/laurencepm-photo.com\/boutique\/#organization\",\"name\":\"Laurence PM Photo\",\"url\":\"https:\/\/laurencepm-photo.com\/boutique\/\",\"logo\":{\"@type\":\"ImageObject\",\"inLanguage\":\"fr-FR\",\"@id\":\"https:\/\/laurencepm-photo.com\/boutique\/#\/schema\/logo\/image\/\",\"url\":\"https:\/\/laurencepm-photo.com\/boutique\/wp-content\/uploads\/2021\/09\/logophoto.png\",\"contentUrl\":\"https:\/\/laurencepm-photo.com\/boutique\/wp-content\/uploads\/2021\/09\/logophoto.png\",\"width\":1320,\"height\":549,\"caption\":\"Laurence PM Photo\"},\"image\":{\"@id\":\"https:\/\/laurencepm-photo.com\/boutique\/#\/schema\/logo\/image\/\"},\"sameAs\":[\"https:\/\/www.instagram.com\/laurencepmphoto\/\"]}]}<\/script>\n<!-- \/ Yoast SEO plugin. -->","yoast_head_json":{"title":"Panier - Boutique de tirages d&#039;art - Photos de paysages et de voyage","description":"Photos de paysages disponibles sur tous types de supports et toutes dimensions. Imprim\u00e9es en France. D\u00e9coration des murs, bureaux, \u00e0 offrir, bons cadeaux et tirages d'art. Photos de Annecy, Rh\u00f4ne-Alpes, Parcs americains, photos de voyage, photo urbaine","robots":{"index":"index","follow":"follow","max-snippet":"max-snippet:-1","max-image-preview":"max-image-preview:large","max-video-preview":"max-video-preview:-1"},"canonical":"https:\/\/laurencepm-photo.com\/boutique\/cart\/","og_locale":"fr_FR","og_type":"article","og_title":"Panier - Boutique de tirages d&#039;art - Photos de paysages et de voyage","og_description":"Photos de paysages disponibles sur tous types de supports et toutes dimensions. Imprim\u00e9es en France. D\u00e9coration des murs, bureaux, \u00e0 offrir, bons cadeaux et tirages d'art. Photos de Annecy, Rh\u00f4ne-Alpes, Parcs americains, photos de voyage, photo urbaine","og_url":"https:\/\/laurencepm-photo.com\/boutique\/cart\/","og_site_name":"Boutique de tirages d&#039;art - Photos de paysages et de voyage","article_modified_time":"2021-10-15T16:39:25+00:00","twitter_card":"summary_large_image","schema":{"@context":"https:\/\/schema.org","@graph":[{"@type":"WebPage","@id":"https:\/\/laurencepm-photo.com\/boutique\/cart\/","url":"https:\/\/laurencepm-photo.com\/boutique\/cart\/","name":"Panier - Boutique de tirages d&#039;art - Photos de paysages et de voyage","isPartOf":{"@id":"https:\/\/laurencepm-photo.com\/boutique\/#website"},"datePublished":"2021-09-10T14:29:50+00:00","dateModified":"2021-10-15T16:39:25+00:00","description":"Photos de paysages disponibles sur tous types de supports et toutes dimensions. Imprim\u00e9es en France. D\u00e9coration des murs, bureaux, \u00e0 offrir, bons cadeaux et tirages d'art. Photos de Annecy, Rh\u00f4ne-Alpes, Parcs americains, photos de voyage, photo urbaine","breadcrumb":{"@id":"https:\/\/laurencepm-photo.com\/boutique\/cart\/#breadcrumb"},"inLanguage":"fr-FR","potentialAction":[{"@type":"ReadAction","target":["https:\/\/laurencepm-photo.com\/boutique\/cart\/"]}]},{"@type":"BreadcrumbList","@id":"https:\/\/laurencepm-photo.com\/boutique\/cart\/#breadcrumb","itemListElement":[{"@type":"ListItem","position":1,"name":"Accueil","item":"https:\/\/laurencepm-photo.com\/boutique\/"},{"@type":"ListItem","position":2,"name":"Panier"}]},{"@type":"WebSite","@id":"https:\/\/laurencepm-photo.com\/boutique\/#website","url":"https:\/\/laurencepm-photo.com\/boutique\/","name":"Boutique de tirages d'art - Photos de paysages et de voyage","description":"","publisher":{"@id":"https:\/\/laurencepm-photo.com\/boutique\/#organization"},"potentialAction":[{"@type":"SearchAction","target":{"@type":"EntryPoint","urlTemplate":"https:\/\/laurencepm-photo.com\/boutique\/?s={search_term_string}"},"query-input":{"@type":"PropertyValueSpecification","valueRequired":true,"valueName":"search_term_string"}}],"inLanguage":"fr-FR"},{"@type":"Organization","@id":"https:\/\/laurencepm-photo.com\/boutique\/#organization","name":"Laurence PM Photo","url":"https:\/\/laurencepm-photo.com\/boutique\/","logo":{"@type":"ImageObject","inLanguage":"fr-FR","@id":"https:\/\/laurencepm-photo.com\/boutique\/#\/schema\/logo\/image\/","url":"https:\/\/laurencepm-photo.com\/boutique\/wp-content\/uploads\/2021\/09\/logophoto.png","contentUrl":"https:\/\/laurencepm-photo.com\/boutique\/wp-content\/uploads\/2021\/09\/logophoto.png","width":1320,"height":549,"caption":"Laurence PM Photo"},"image":{"@id":"https:\/\/laurencepm-photo.com\/boutique\/#\/schema\/logo\/image\/"},"sameAs":["https:\/\/www.instagram.com\/laurencepmphoto\/"]}]}},"jetpack_sharing_enabled":true,"_links":{"self":[{"href":"https:\/\/laurencepm-photo.com\/boutique\/wp-json\/wp\/v2\/pages\/9","targetHints":{"allow":["GET"]}}],"collection":[{"href":"https:\/\/laurencepm-photo.com\/boutique\/wp-json\/wp\/v2\/pages"}],"about":[{"href":"https:\/\/laurencepm-photo.com\/boutique\/wp-json\/wp\/v2\/types\/page"}],"author":[{"embeddable":true,"href":"https:\/\/laurencepm-photo.com\/boutique\/wp-json\/wp\/v2\/users\/1"}],"replies":[{"embeddable":true,"href":"https:\/\/laurencepm-photo.com\/boutique\/wp-json\/wp\/v2\/comments?post=9"}],"version-history":[{"count":0,"href":"https:\/\/laurencepm-photo.com\/boutique\/wp-json\/wp\/v2\/pages\/9\/revisions"}],"wp:attachment":[{"href":"https:\/\/laurencepm-photo.com\/boutique\/wp-json\/wp\/v2\/media?parent=9"}],"curies":[{"name":"wp","href":"https:\/\/api.w.org\/{rel}","templated":true}]}}