{"id":7601,"date":"2021-09-21T16:44:07","date_gmt":"2021-09-21T14:44:07","guid":{"rendered":"https:\/\/laurencepm-photo.com\/boutique\/?page_id=7601"},"modified":"2022-07-26T16:42:51","modified_gmt":"2022-07-26T14:42:51","slug":"actualites","status":"publish","type":"page","link":"https:\/\/laurencepm-photo.com\/boutique\/actualites\/","title":{"rendered":"Actualit\u00e9s"},"content":{"rendered":"<div class=\"wpb-content-wrapper\"><p>[vc_row][vc_column width=&#8221;1\/2&#8243;][vc_single_image image=&#8221;9944&#8243; img_size=&#8221;large&#8221;][\/vc_column][vc_column width=&#8221;1\/2&#8243;][vc_column_text][\/vc_column_text][vc_text_separator title=&#8221;Expo \u00e0 Argonay&#8221;][vc_column_text]La mairie d&#8217;Argonay me fait encore une fois le plaisir d&#8217;accueillir l&#8217;exposition photo &#8220;Cr\u00e9puscules &amp; Ciels Nocturnes&#8221; du 1er juillet \u00e0 fin septembre. L&#8217;entr\u00e9e est gratuite et libre dans la limite des horaires d&#8217;ouverture de la mairie.[\/vc_column_text][\/vc_column][\/vc_row][vc_row][vc_column width=&#8221;1\/2&#8243;][vc_single_image image=&#8221;9869&#8243; img_size=&#8221;large&#8221;][\/vc_column][vc_column width=&#8221;1\/2&#8243;][vc_column_text][\/vc_column_text][vc_text_separator title=&#8221;\u00c0 venir&#8221;][vc_column_text]J&#8217;aurai la chance d&#8217;exposer mes photographies issues de l&#8217;exposition &#8220;Cr\u00e9puscules et Ciels Nocturnes&#8221; dans la commune d&#8217;Alby-sur-Ch\u00e9ran de Septembre \u00e0 D\u00e9cembre prochain.[\/vc_column_text][\/vc_column][\/vc_row][vc_row content_placement=&#8221;middle&#8221;][vc_column width=&#8221;1\/2&#8243;][vc_single_image image=&#8221;8369&#8243; img_size=&#8221;large&#8221; alignment=&#8221;center&#8221; css_animation=&#8221;bounceIn&#8221;][\/vc_column][vc_column width=&#8221;1\/2&#8243;][vc_text_separator title=&#8221;Expo \u00e0 Argonay&#8221;][vc_column_text]Merci \u00e0 la Mairie d&#8217;Argonay d&#8217;avoir accueilli mon exposition photo &#8220;Cr\u00e9puscules et ciels nocturnes&#8221; pendant 3 mois.[\/vc_column_text][\/vc_column][\/vc_row][vc_row][vc_column width=&#8221;1\/2&#8243;][vc_video link=&#8221;https:\/\/youtu.be\/oZSbFIWygVQ&#8221; align=&#8221;center&#8221;][\/vc_column][vc_column width=&#8221;1\/2&#8243;][vc_column_text][\/vc_column_text][vc_text_separator title=&#8221;Photo Nightscape Awards&#8221;][vc_column_text]En juin 2020, une de mes photos a \u00e9t\u00e9 s\u00e9lectionn\u00e9e parmi les &#8220;clins d&#8217;\u0153il du jury&#8221; dans la cat\u00e9gorie &#8220;In Town&#8221; par les Photo Nightscapes Awards de l&#8217;association Chasseurs de nuits.<\/p>\n<p>Voici un montage avec toutes les images s\u00e9lectionn\u00e9es.[\/vc_column_text][vc_single_image image=&#8221;7676&#8243; img_size=&#8221;medium&#8221; alignment=&#8221;center&#8221;][\/vc_column][\/vc_row][vc_row][vc_column width=&#8221;1\/2&#8243;][vc_single_image image=&#8221;9286&#8243; img_size=&#8221;large&#8221;][\/vc_column][vc_column width=&#8221;1\/2&#8243;][vc_column_text][\/vc_column_text][vc_text_separator title=&#8221;Expo &#8220;Cr\u00e9puscules et Ciels nocturnes&#8220;&#8221;][vc_column_text]Merci au Monde de l&#8217;Observation (anciennement Maison de l&#8217;Astronomie) d&#8217;avoir accueilli mon exposition photo &#8220;Cr\u00e9puscules et Ciels nocturnes&#8221; pendant 4 mois.[\/vc_column_text][\/vc_column][\/vc_row]<\/p>\n<\/div>","protected":false},"excerpt":{"rendered":"<p>[vc_row][vc_column width=&#8221;1\/2&#8243;][vc_single_image image=&#8221;9944&#8243; img_size=&#8221;large&#8221;][\/vc_column][vc_column width=&#8221;1\/2&#8243;][vc_column_text][\/vc_column_text][vc_text_separator title=&#8221;Expo \u00e0 Argonay&#8221;][vc_column_text]La mairie d&#8217;Argonay me fait encore une fois le plaisir d&#8217;accueillir l&#8217;exposition photo &#8220;Cr\u00e9puscules &amp; Ciels Nocturnes&#8221; du 1er juillet \u00e0 fin septembre. L&#8217;entr\u00e9e est gratuite et libre dans la limite des horaires d&#8217;ouverture de la mairie.[\/vc_column_text][\/vc_column][\/vc_row][vc_row][vc_column width=&#8221;1\/2&#8243;][vc_single_image image=&#8221;9869&#8243; img_size=&#8221;large&#8221;][\/vc_column][vc_column width=&#8221;1\/2&#8243;][vc_column_text][\/vc_column_text][vc_text_separator title=&#8221;\u00c0 venir&#8221;][vc_column_text]J&#8217;aurai la chance d&#8217;exposer mes photographies<a class=\"more-link\" href=\"https:\/\/laurencepm-photo.com\/boutique\/actualites\/\">Lire plus \u27f6<\/a><\/p>\n","protected":false},"author":1,"featured_media":0,"parent":0,"menu_order":0,"comment_status":"closed","ping_status":"closed","template":"","meta":{"_editorskit_title_hidden":false,"_editorskit_reading_time":0,"_editorskit_is_block_options_detached":false,"_editorskit_block_options_position":"{}","footnotes":""},"class_list":["post-7601","page","type-page","status-publish","hentry"],"yoast_head":"<!-- This site is optimized with the Yoast SEO plugin v26.6 - https:\/\/yoast.com\/wordpress\/plugins\/seo\/ -->\n<title>Actualit\u00e9s - Boutique de tirages d&#039;art - Photos de paysages et de voyage<\/title>\n<meta name=\"description\" content=\"Photos de paysages disponibles sur tous types de supports et toutes dimensions. Imprim\u00e9es en France. D\u00e9coration des murs, bureaux, \u00e0 offrir, bons cadeaux et tirages d&#039;art. Photos de Annecy, Rh\u00f4ne-Alpes, Parcs americains, photos de voyage, photo urbaine\" \/>\n<meta name=\"robots\" content=\"index, follow, max-snippet:-1, max-image-preview:large, max-video-preview:-1\" \/>\n<link rel=\"canonical\" href=\"https:\/\/laurencepm-photo.com\/boutique\/actualites\/\" \/>\n<meta property=\"og:locale\" content=\"fr_FR\" \/>\n<meta property=\"og:type\" content=\"article\" \/>\n<meta property=\"og:title\" content=\"Actualit\u00e9s - Boutique de tirages d&#039;art - Photos de paysages et de voyage\" \/>\n<meta property=\"og:description\" content=\"Photos de paysages disponibles sur tous types de supports et toutes dimensions. Imprim\u00e9es en France. D\u00e9coration des murs, bureaux, \u00e0 offrir, bons cadeaux et tirages d&#039;art. Photos de Annecy, Rh\u00f4ne-Alpes, Parcs americains, photos de voyage, photo urbaine\" \/>\n<meta property=\"og:url\" content=\"https:\/\/laurencepm-photo.com\/boutique\/actualites\/\" \/>\n<meta property=\"og:site_name\" content=\"Boutique de tirages d&#039;art - Photos de paysages et de voyage\" \/>\n<meta property=\"article:modified_time\" content=\"2022-07-26T14:42:51+00:00\" \/>\n<meta name=\"twitter:card\" content=\"summary_large_image\" \/>\n<meta name=\"twitter:label1\" content=\"Dur\u00e9e de lecture estim\u00e9e\" \/>\n\t<meta name=\"twitter:data1\" content=\"1 minute\" \/>\n<script type=\"application\/ld+json\" class=\"yoast-schema-graph\">{\"@context\":\"https:\/\/schema.org\",\"@graph\":[{\"@type\":\"WebPage\",\"@id\":\"https:\/\/laurencepm-photo.com\/boutique\/actualites\/\",\"url\":\"https:\/\/laurencepm-photo.com\/boutique\/actualites\/\",\"name\":\"Actualit\u00e9s - Boutique de tirages d&#039;art - Photos de paysages et de voyage\",\"isPartOf\":{\"@id\":\"https:\/\/laurencepm-photo.com\/boutique\/#website\"},\"datePublished\":\"2021-09-21T14:44:07+00:00\",\"dateModified\":\"2022-07-26T14:42:51+00:00\",\"description\":\"Photos de paysages disponibles sur tous types de supports et toutes dimensions. Imprim\u00e9es en France. D\u00e9coration des murs, bureaux, \u00e0 offrir, bons cadeaux et tirages d'art. Photos de Annecy, Rh\u00f4ne-Alpes, Parcs americains, photos de voyage, photo urbaine\",\"breadcrumb\":{\"@id\":\"https:\/\/laurencepm-photo.com\/boutique\/actualites\/#breadcrumb\"},\"inLanguage\":\"fr-FR\",\"potentialAction\":[{\"@type\":\"ReadAction\",\"target\":[\"https:\/\/laurencepm-photo.com\/boutique\/actualites\/\"]}]},{\"@type\":\"BreadcrumbList\",\"@id\":\"https:\/\/laurencepm-photo.com\/boutique\/actualites\/#breadcrumb\",\"itemListElement\":[{\"@type\":\"ListItem\",\"position\":1,\"name\":\"Accueil\",\"item\":\"https:\/\/laurencepm-photo.com\/boutique\/\"},{\"@type\":\"ListItem\",\"position\":2,\"name\":\"Actualit\u00e9s\"}]},{\"@type\":\"WebSite\",\"@id\":\"https:\/\/laurencepm-photo.com\/boutique\/#website\",\"url\":\"https:\/\/laurencepm-photo.com\/boutique\/\",\"name\":\"Boutique de tirages d'art - Photos de paysages et de voyage\",\"description\":\"\",\"publisher\":{\"@id\":\"https:\/\/laurencepm-photo.com\/boutique\/#organization\"},\"potentialAction\":[{\"@type\":\"SearchAction\",\"target\":{\"@type\":\"EntryPoint\",\"urlTemplate\":\"https:\/\/laurencepm-photo.com\/boutique\/?s={search_term_string}\"},\"query-input\":{\"@type\":\"PropertyValueSpecification\",\"valueRequired\":true,\"valueName\":\"search_term_string\"}}],\"inLanguage\":\"fr-FR\"},{\"@type\":\"Organization\",\"@id\":\"https:\/\/laurencepm-photo.com\/boutique\/#organization\",\"name\":\"Laurence PM Photo\",\"url\":\"https:\/\/laurencepm-photo.com\/boutique\/\",\"logo\":{\"@type\":\"ImageObject\",\"inLanguage\":\"fr-FR\",\"@id\":\"https:\/\/laurencepm-photo.com\/boutique\/#\/schema\/logo\/image\/\",\"url\":\"https:\/\/laurencepm-photo.com\/boutique\/wp-content\/uploads\/2021\/09\/logophoto.png\",\"contentUrl\":\"https:\/\/laurencepm-photo.com\/boutique\/wp-content\/uploads\/2021\/09\/logophoto.png\",\"width\":1320,\"height\":549,\"caption\":\"Laurence PM Photo\"},\"image\":{\"@id\":\"https:\/\/laurencepm-photo.com\/boutique\/#\/schema\/logo\/image\/\"},\"sameAs\":[\"https:\/\/www.instagram.com\/laurencepmphoto\/\"]}]}<\/script>\n<!-- \/ Yoast SEO plugin. -->","yoast_head_json":{"title":"Actualit\u00e9s - Boutique de tirages d&#039;art - Photos de paysages et de voyage","description":"Photos de paysages disponibles sur tous types de supports et toutes dimensions. Imprim\u00e9es en France. D\u00e9coration des murs, bureaux, \u00e0 offrir, bons cadeaux et tirages d'art. Photos de Annecy, Rh\u00f4ne-Alpes, Parcs americains, photos de voyage, photo urbaine","robots":{"index":"index","follow":"follow","max-snippet":"max-snippet:-1","max-image-preview":"max-image-preview:large","max-video-preview":"max-video-preview:-1"},"canonical":"https:\/\/laurencepm-photo.com\/boutique\/actualites\/","og_locale":"fr_FR","og_type":"article","og_title":"Actualit\u00e9s - Boutique de tirages d&#039;art - Photos de paysages et de voyage","og_description":"Photos de paysages disponibles sur tous types de supports et toutes dimensions. Imprim\u00e9es en France. D\u00e9coration des murs, bureaux, \u00e0 offrir, bons cadeaux et tirages d'art. Photos de Annecy, Rh\u00f4ne-Alpes, Parcs americains, photos de voyage, photo urbaine","og_url":"https:\/\/laurencepm-photo.com\/boutique\/actualites\/","og_site_name":"Boutique de tirages d&#039;art - Photos de paysages et de voyage","article_modified_time":"2022-07-26T14:42:51+00:00","twitter_card":"summary_large_image","twitter_misc":{"Dur\u00e9e de lecture estim\u00e9e":"1 minute"},"schema":{"@context":"https:\/\/schema.org","@graph":[{"@type":"WebPage","@id":"https:\/\/laurencepm-photo.com\/boutique\/actualites\/","url":"https:\/\/laurencepm-photo.com\/boutique\/actualites\/","name":"Actualit\u00e9s - Boutique de tirages d&#039;art - Photos de paysages et de voyage","isPartOf":{"@id":"https:\/\/laurencepm-photo.com\/boutique\/#website"},"datePublished":"2021-09-21T14:44:07+00:00","dateModified":"2022-07-26T14:42:51+00:00","description":"Photos de paysages disponibles sur tous types de supports et toutes dimensions. Imprim\u00e9es en France. D\u00e9coration des murs, bureaux, \u00e0 offrir, bons cadeaux et tirages d'art. Photos de Annecy, Rh\u00f4ne-Alpes, Parcs americains, photos de voyage, photo urbaine","breadcrumb":{"@id":"https:\/\/laurencepm-photo.com\/boutique\/actualites\/#breadcrumb"},"inLanguage":"fr-FR","potentialAction":[{"@type":"ReadAction","target":["https:\/\/laurencepm-photo.com\/boutique\/actualites\/"]}]},{"@type":"BreadcrumbList","@id":"https:\/\/laurencepm-photo.com\/boutique\/actualites\/#breadcrumb","itemListElement":[{"@type":"ListItem","position":1,"name":"Accueil","item":"https:\/\/laurencepm-photo.com\/boutique\/"},{"@type":"ListItem","position":2,"name":"Actualit\u00e9s"}]},{"@type":"WebSite","@id":"https:\/\/laurencepm-photo.com\/boutique\/#website","url":"https:\/\/laurencepm-photo.com\/boutique\/","name":"Boutique de tirages d'art - Photos de paysages et de voyage","description":"","publisher":{"@id":"https:\/\/laurencepm-photo.com\/boutique\/#organization"},"potentialAction":[{"@type":"SearchAction","target":{"@type":"EntryPoint","urlTemplate":"https:\/\/laurencepm-photo.com\/boutique\/?s={search_term_string}"},"query-input":{"@type":"PropertyValueSpecification","valueRequired":true,"valueName":"search_term_string"}}],"inLanguage":"fr-FR"},{"@type":"Organization","@id":"https:\/\/laurencepm-photo.com\/boutique\/#organization","name":"Laurence PM Photo","url":"https:\/\/laurencepm-photo.com\/boutique\/","logo":{"@type":"ImageObject","inLanguage":"fr-FR","@id":"https:\/\/laurencepm-photo.com\/boutique\/#\/schema\/logo\/image\/","url":"https:\/\/laurencepm-photo.com\/boutique\/wp-content\/uploads\/2021\/09\/logophoto.png","contentUrl":"https:\/\/laurencepm-photo.com\/boutique\/wp-content\/uploads\/2021\/09\/logophoto.png","width":1320,"height":549,"caption":"Laurence PM Photo"},"image":{"@id":"https:\/\/laurencepm-photo.com\/boutique\/#\/schema\/logo\/image\/"},"sameAs":["https:\/\/www.instagram.com\/laurencepmphoto\/"]}]}},"jetpack_sharing_enabled":true,"_links":{"self":[{"href":"https:\/\/laurencepm-photo.com\/boutique\/wp-json\/wp\/v2\/pages\/7601","targetHints":{"allow":["GET"]}}],"collection":[{"href":"https:\/\/laurencepm-photo.com\/boutique\/wp-json\/wp\/v2\/pages"}],"about":[{"href":"https:\/\/laurencepm-photo.com\/boutique\/wp-json\/wp\/v2\/types\/page"}],"author":[{"embeddable":true,"href":"https:\/\/laurencepm-photo.com\/boutique\/wp-json\/wp\/v2\/users\/1"}],"replies":[{"embeddable":true,"href":"https:\/\/laurencepm-photo.com\/boutique\/wp-json\/wp\/v2\/comments?post=7601"}],"version-history":[{"count":4,"href":"https:\/\/laurencepm-photo.com\/boutique\/wp-json\/wp\/v2\/pages\/7601\/revisions"}],"predecessor-version":[{"id":9945,"href":"https:\/\/laurencepm-photo.com\/boutique\/wp-json\/wp\/v2\/pages\/7601\/revisions\/9945"}],"wp:attachment":[{"href":"https:\/\/laurencepm-photo.com\/boutique\/wp-json\/wp\/v2\/media?parent=7601"}],"curies":[{"name":"wp","href":"https:\/\/api.w.org\/{rel}","templated":true}]}}