{"id":7072,"date":"2019-12-12T10:39:38","date_gmt":"2019-12-12T09:39:38","guid":{"rendered":"https:\/\/proteo.yithemes.com\/classic-shop\/?page_id=7072"},"modified":"2021-09-29T09:06:20","modified_gmt":"2021-09-29T07:06:20","slug":"bons-cadeaux","status":"publish","type":"page","link":"https:\/\/laurencepm-photo.com\/boutique\/bons-cadeaux\/","title":{"rendered":"Bons cadeaux"},"content":{"rendered":"<div class=\"wpb-content-wrapper\"><p>[vc_row][vc_column][vc_column_text]<!--vcv no format--><\/p>\n<div class=\"vce-row-container\" data-vce-boxed-width=\"true\">\n<div id=\"el-0fdcf67d\" class=\"vce-row vce-row--col-gap-30 vce-row-equal-height vce-row-content--top\" data-vce-do-apply=\"all el-0fdcf67d\">\n<div class=\"vce-row-content\" data-vce-element-content=\"true\">\n<div id=\"el-32295334\" class=\"vce-col vce-col--md-auto vce-col--xs-1 vce-col--xs-last vce-col--xs-first vce-col--sm-last vce-col--sm-first vce-col--md-last vce-col--lg-last vce-col--xl-last vce-col--md-first vce-col--lg-first vce-col--xl-first\">\n<div class=\"vce-col-inner\" data-vce-do-apply=\"border margin background el-32295334\">\n<div class=\"vce-col-content\" data-vce-element-content=\"true\" data-vce-do-apply=\"padding el-32295334\">\n<div class=\"vce-text-block\">\n<div id=\"el-7822fc36\" class=\"vce-text-block-wrapper vce\" data-vce-do-apply=\"all el-7822fc36\">\n<div class=\"wp-block-columns is-layout-flex wp-container-core-columns-is-layout-9d6595d7 wp-block-columns-is-layout-flex\">\n<div class=\"wp-block-column is-layout-flow wp-block-column-is-layout-flow\">\n<h3><span style=\"font-family: 'book antiqua', palatino, serif;\">POUR OFFRIR SANS SE TROMPER<\/span><\/h3>\n<p><\/div>\n\n<p><\/div>\n<p><\/div>\n<\/div>\n<\/div>\n<\/div>\n<\/div>\n<\/div>\n<\/div>\n<\/div>\n<div class=\"vce-row-container\" data-vce-boxed-width=\"true\">\n<div id=\"el-caaf277f\" class=\"vce-row vce-row--col-gap-30 vce-row-equal-height vce-row-content--top vcv-state--show-resizer\" data-vce-do-apply=\"all el-caaf277f\">\n<div class=\"vce-row-content\" data-vce-element-content=\"true\">\n<div id=\"el-115a7206\" class=\"vce-col vce-col--md-auto vce-col--xs-1 vce-col--xs-last vce-col--xs-first vce-col--sm-last vce-col--sm-first vce-col--md-last vce-col--lg-last vce-col--xl-last\">\n<div class=\"vce-col-inner\" data-vce-do-apply=\"border margin background el-115a7206\">\n<div class=\"vce-col-content\" data-vce-element-content=\"true\" data-vce-do-apply=\"padding el-115a7206\">\n<div class=\"vce-text-block\">\n<div id=\"el-9691fe86\" class=\"vce-text-block-wrapper vce\" data-vce-do-apply=\"all el-9691fe86\">\n<p><strong>Offrez des bons cadeaux !<\/strong> Vous recevrez, par email, un bon cadeau avec un code unique, utilisable pendant 6 mois. Diff\u00e9rents montants au choix.<\/p>\n<p>Pour un bon cadeau d&#8217;un montant personnalis\u00e9, <a href=\"mailto:contact@laurencepm-photo.com\">contactez-moi<\/a>, je peux m&#8217;adapter \u00e0 vos besoins.<\/p>\n<\/div>\n<\/div>\n<\/div>\n<\/div>\n<\/div>\n<\/div>\n<\/div>\n<\/div>\n<div class=\"vce-row-container\" data-vce-boxed-width=\"true\">\n<div id=\"el-b73b127e\" class=\"vce-row vce-row--col-gap-30 vce-row-equal-height vce-row-content--top vcv-state--show-resizer\" data-vce-do-apply=\"all el-b73b127e\">\n<div class=\"vce-row-content\" data-vce-element-content=\"true\">\n<div id=\"el-4f9f27b7\" class=\"vce-col vce-col--md-auto vce-col--xs-1 vce-col--xs-last vce-col--xs-first vce-col--sm-last vce-col--sm-first vce-col--md-first vce-col--lg-first vce-col--xl-first\">\n<div class=\"vce-col-inner\" data-vce-do-apply=\"border margin background el-4f9f27b7\">\n<div class=\"vce-col-content\" data-vce-element-content=\"true\" data-vce-do-apply=\"padding el-4f9f27b7\"><\/div>\n<\/div>\n<\/div>\n<div id=\"el-5630a160\" class=\"vce-col vce-col--md-auto vce-col--xs-1 vce-col--xs-last vce-col--xs-first vce-col--sm-last vce-col--sm-first\">\n<div class=\"vce-col-inner\" data-vce-do-apply=\"border margin background el-5630a160\">\n<div class=\"vce-col-content\" data-vce-element-content=\"true\" data-vce-do-apply=\"padding el-5630a160\"><\/div>\n<\/div>\n<\/div>\n<div id=\"el-4350afda\" class=\"vce-col vce-col--md-auto vce-col--xs-1 vce-col--xs-last vce-col--xs-first vce-col--sm-last vce-col--sm-first\">\n<div class=\"vce-col-inner\" data-vce-do-apply=\"border margin background el-4350afda\">\n<div class=\"vce-col-content\" data-vce-element-content=\"true\" data-vce-do-apply=\"padding el-4350afda\"><\/div>\n<\/div>\n<\/div>\n<div id=\"el-078291b7\" class=\"vce-col vce-col--md-auto vce-col--xs-1 vce-col--xs-last vce-col--xs-first vce-col--sm-last vce-col--sm-first vce-col--md-last vce-col--lg-last vce-col--xl-last\">\n<div class=\"vce-col-inner\" data-vce-do-apply=\"border margin background el-078291b7\">\n<div class=\"vce-col-content\" data-vce-element-content=\"true\" data-vce-do-apply=\"padding el-078291b7\"><\/div>\n<\/div>\n<\/div>\n<\/div>\n<\/div>\n<\/div>\n<p><!--vcv no format-->[\/vc_column_text][\/vc_column][\/vc_row][vc_row][vc_column]<div class=\"woocommerce columns-4 \"><ul class=\"products columns-4\">\n<li class=\"product type-product post-7940 status-publish first instock product_cat-bons-cadeaux has-post-thumbnail shipping-taxable purchasable product-type-simple\">\n\t<div class=\"product-content\"><a href=\"https:\/\/laurencepm-photo.com\/boutique\/produit\/bons-cadeaux\/\" class=\"woocommerce-LoopProduct-link woocommerce-loop-product__link\"><div class=\"yith-proteo-product-loop-image\"><img loading=\"lazy\" decoding=\"async\" width=\"300\" height=\"187\" src=\"https:\/\/laurencepm-photo.com\/boutique\/wp-content\/uploads\/2021\/09\/50-300x187-1.jpg\" class=\"attachment-woocommerce_thumbnail size-woocommerce_thumbnail\" alt=\"Bon de 50\u20ac\" \/><\/div><h2 class=\"woocommerce-loop-product__title\">Bon de 50\u20ac<\/h2>\n\t<span class=\"price\"><span class=\"woocommerce-Price-amount amount\"><bdi>50,00&nbsp;<span class=\"woocommerce-Price-currencySymbol\">&euro;<\/span><\/bdi><\/span><\/span>\n<\/a><a href=\"\/boutique\/wp-json\/wp\/v2\/pages\/7072?add-to-cart=7940\" aria-describedby=\"woocommerce_loop_add_to_cart_link_describedby_7940\" data-quantity=\"1\" class=\"button product_type_simple add_to_cart_button ajax_add_to_cart button-style-1\" data-product_id=\"7940\" data-product_sku=\"\" aria-label=\"Ajouter au panier\u00a0: &ldquo;Bon de 50\u20ac&rdquo;\" rel=\"nofollow\" data-success_message=\"\u00ab\u00a0Bon de 50\u20ac\u00a0\u00bb a \u00e9t\u00e9 ajout\u00e9 \u00e0 votre panier\" role=\"button\">Ajouter au panier<\/a>\t<span id=\"woocommerce_loop_add_to_cart_link_describedby_7940\" class=\"screen-reader-text\">\n\t\t\t<\/span>\n<\/div><\/li>\n<li class=\"product type-product post-7963 status-publish instock product_cat-bons-cadeaux has-post-thumbnail shipping-taxable purchasable product-type-simple\">\n\t<div class=\"product-content\"><a href=\"https:\/\/laurencepm-photo.com\/boutique\/produit\/bon-de-100e\/\" class=\"woocommerce-LoopProduct-link woocommerce-loop-product__link\"><div class=\"yith-proteo-product-loop-image\"><img loading=\"lazy\" decoding=\"async\" width=\"300\" height=\"187\" src=\"https:\/\/laurencepm-photo.com\/boutique\/wp-content\/uploads\/2021\/09\/100-300x187-1.jpg\" class=\"attachment-woocommerce_thumbnail size-woocommerce_thumbnail\" alt=\"Bon de 100\u20ac\" \/><\/div><h2 class=\"woocommerce-loop-product__title\">Bon de 100\u20ac<\/h2>\n\t<span class=\"price\"><span class=\"woocommerce-Price-amount amount\"><bdi>100,00&nbsp;<span class=\"woocommerce-Price-currencySymbol\">&euro;<\/span><\/bdi><\/span><\/span>\n<\/a><a href=\"\/boutique\/wp-json\/wp\/v2\/pages\/7072?add-to-cart=7963\" aria-describedby=\"woocommerce_loop_add_to_cart_link_describedby_7963\" data-quantity=\"1\" class=\"button product_type_simple add_to_cart_button ajax_add_to_cart button-style-1\" data-product_id=\"7963\" data-product_sku=\"\" aria-label=\"Ajouter au panier\u00a0: &ldquo;Bon de 100\u20ac&rdquo;\" rel=\"nofollow\" data-success_message=\"\u00ab\u00a0Bon de 100\u20ac\u00a0\u00bb a \u00e9t\u00e9 ajout\u00e9 \u00e0 votre panier\" role=\"button\">Ajouter au panier<\/a>\t<span id=\"woocommerce_loop_add_to_cart_link_describedby_7963\" class=\"screen-reader-text\">\n\t\t\t<\/span>\n<\/div><\/li>\n<li class=\"product type-product post-9196 status-publish instock product_cat-bons-cadeaux has-post-thumbnail shipping-taxable purchasable product-type-simple\">\n\t<div class=\"product-content\"><a href=\"https:\/\/laurencepm-photo.com\/boutique\/produit\/bon-de-300e\/\" class=\"woocommerce-LoopProduct-link woocommerce-loop-product__link\"><div class=\"yith-proteo-product-loop-image\"><img loading=\"lazy\" decoding=\"async\" width=\"300\" height=\"187\" src=\"https:\/\/laurencepm-photo.com\/boutique\/wp-content\/uploads\/2021\/09\/300-300x187-1.jpg\" class=\"attachment-woocommerce_thumbnail size-woocommerce_thumbnail\" alt=\"Bon de 300\u20ac\" \/><\/div><h2 class=\"woocommerce-loop-product__title\">Bon de 300\u20ac<\/h2>\n\t<span class=\"price\"><span class=\"woocommerce-Price-amount amount\"><bdi>300,00&nbsp;<span class=\"woocommerce-Price-currencySymbol\">&euro;<\/span><\/bdi><\/span><\/span>\n<\/a><a href=\"\/boutique\/wp-json\/wp\/v2\/pages\/7072?add-to-cart=9196\" aria-describedby=\"woocommerce_loop_add_to_cart_link_describedby_9196\" data-quantity=\"1\" class=\"button product_type_simple add_to_cart_button ajax_add_to_cart button-style-1\" data-product_id=\"9196\" data-product_sku=\"\" aria-label=\"Ajouter au panier\u00a0: &ldquo;Bon de 300\u20ac&rdquo;\" rel=\"nofollow\" data-success_message=\"\u00ab\u00a0Bon de 300\u20ac\u00a0\u00bb a \u00e9t\u00e9 ajout\u00e9 \u00e0 votre panier\" role=\"button\">Ajouter au panier<\/a>\t<span id=\"woocommerce_loop_add_to_cart_link_describedby_9196\" class=\"screen-reader-text\">\n\t\t\t<\/span>\n<\/div><\/li>\n<li class=\"product type-product post-9197 status-publish last instock product_cat-bons-cadeaux has-post-thumbnail shipping-taxable purchasable product-type-simple\">\n\t<div class=\"product-content\"><a href=\"https:\/\/laurencepm-photo.com\/boutique\/produit\/bon-de-500e\/\" class=\"woocommerce-LoopProduct-link woocommerce-loop-product__link\"><div class=\"yith-proteo-product-loop-image\"><img loading=\"lazy\" decoding=\"async\" width=\"300\" height=\"187\" src=\"https:\/\/laurencepm-photo.com\/boutique\/wp-content\/uploads\/2021\/09\/500-300x187-1.jpg\" class=\"attachment-woocommerce_thumbnail size-woocommerce_thumbnail\" alt=\"Bon de 500\u20ac\" \/><\/div><h2 class=\"woocommerce-loop-product__title\">Bon de 500\u20ac<\/h2>\n\t<span class=\"price\"><span class=\"woocommerce-Price-amount amount\"><bdi>500,00&nbsp;<span class=\"woocommerce-Price-currencySymbol\">&euro;<\/span><\/bdi><\/span><\/span>\n<\/a><a href=\"\/boutique\/wp-json\/wp\/v2\/pages\/7072?add-to-cart=9197\" aria-describedby=\"woocommerce_loop_add_to_cart_link_describedby_9197\" data-quantity=\"1\" class=\"button product_type_simple add_to_cart_button ajax_add_to_cart button-style-1\" data-product_id=\"9197\" data-product_sku=\"\" aria-label=\"Ajouter au panier\u00a0: &ldquo;Bon de 500\u20ac&rdquo;\" rel=\"nofollow\" data-success_message=\"\u00ab\u00a0Bon de 500\u20ac\u00a0\u00bb a \u00e9t\u00e9 ajout\u00e9 \u00e0 votre panier\" role=\"button\">Ajouter au panier<\/a>\t<span id=\"woocommerce_loop_add_to_cart_link_describedby_9197\" class=\"screen-reader-text\">\n\t\t\t<\/span>\n<\/div><\/li>\n<\/ul>\n<\/div>[\/vc_column][\/vc_row]<\/p>\n<\/div>","protected":false},"excerpt":{"rendered":"<p>[vc_row][vc_column][vc_column_text] POUR OFFRIR SANS SE TROMPER Offrez des bons cadeaux ! Vous recevrez, par email, un bon cadeau avec un code unique, utilisable pendant 6 mois. Diff\u00e9rents montants au choix. Pour un bon cadeau d&#8217;un montant personnalis\u00e9, contactez-moi, je peux m&#8217;adapter \u00e0 vos besoins. [\/vc_column_text][\/vc_column][\/vc_row][vc_row][vc_column][\/vc_column][\/vc_row]<\/p>\n","protected":false},"author":1,"featured_media":0,"parent":0,"menu_order":0,"comment_status":"closed","ping_status":"closed","template":"","meta":{"_editorskit_title_hidden":false,"_editorskit_reading_time":0,"_editorskit_is_block_options_detached":false,"_editorskit_block_options_position":"{}","footnotes":""},"class_list":["post-7072","page","type-page","status-publish","hentry"],"yoast_head":"<!-- This site is optimized with the Yoast SEO plugin v26.6 - https:\/\/yoast.com\/wordpress\/plugins\/seo\/ -->\n<title>Bons cadeaux - Boutique de tirages d&#039;art - Photos de paysages et de voyage<\/title>\n<meta name=\"description\" content=\"Photos de paysages disponibles sur tous types de supports et toutes dimensions. Imprim\u00e9es en France. D\u00e9coration des murs, bureaux, \u00e0 offrir, bons cadeaux et tirages d&#039;art. Photos de Annecy, Rh\u00f4ne-Alpes, Parcs americains, photos de voyage, photo urbaine\" \/>\n<meta name=\"robots\" content=\"index, follow, max-snippet:-1, max-image-preview:large, max-video-preview:-1\" \/>\n<link rel=\"canonical\" href=\"https:\/\/laurencepm-photo.com\/boutique\/bons-cadeaux\/\" \/>\n<meta property=\"og:locale\" content=\"fr_FR\" \/>\n<meta property=\"og:type\" content=\"article\" \/>\n<meta property=\"og:title\" content=\"Bons cadeaux - Boutique de tirages d&#039;art - Photos de paysages et de voyage\" \/>\n<meta property=\"og:description\" content=\"Photos de paysages disponibles sur tous types de supports et toutes dimensions. Imprim\u00e9es en France. D\u00e9coration des murs, bureaux, \u00e0 offrir, bons cadeaux et tirages d&#039;art. Photos de Annecy, Rh\u00f4ne-Alpes, Parcs americains, photos de voyage, photo urbaine\" \/>\n<meta property=\"og:url\" content=\"https:\/\/laurencepm-photo.com\/boutique\/bons-cadeaux\/\" \/>\n<meta property=\"og:site_name\" content=\"Boutique de tirages d&#039;art - Photos de paysages et de voyage\" \/>\n<meta property=\"article:modified_time\" content=\"2021-09-29T07:06:20+00:00\" \/>\n<meta name=\"twitter:card\" content=\"summary_large_image\" \/>\n<script type=\"application\/ld+json\" class=\"yoast-schema-graph\">{\"@context\":\"https:\/\/schema.org\",\"@graph\":[{\"@type\":\"WebPage\",\"@id\":\"https:\/\/laurencepm-photo.com\/boutique\/bons-cadeaux\/\",\"url\":\"https:\/\/laurencepm-photo.com\/boutique\/bons-cadeaux\/\",\"name\":\"Bons cadeaux - Boutique de tirages d&#039;art - Photos de paysages et de voyage\",\"isPartOf\":{\"@id\":\"https:\/\/laurencepm-photo.com\/boutique\/#website\"},\"datePublished\":\"2019-12-12T09:39:38+00:00\",\"dateModified\":\"2021-09-29T07:06:20+00:00\",\"description\":\"Photos de paysages disponibles sur tous types de supports et toutes dimensions. Imprim\u00e9es en France. D\u00e9coration des murs, bureaux, \u00e0 offrir, bons cadeaux et tirages d'art. Photos de Annecy, Rh\u00f4ne-Alpes, Parcs americains, photos de voyage, photo urbaine\",\"breadcrumb\":{\"@id\":\"https:\/\/laurencepm-photo.com\/boutique\/bons-cadeaux\/#breadcrumb\"},\"inLanguage\":\"fr-FR\",\"potentialAction\":[{\"@type\":\"ReadAction\",\"target\":[\"https:\/\/laurencepm-photo.com\/boutique\/bons-cadeaux\/\"]}]},{\"@type\":\"BreadcrumbList\",\"@id\":\"https:\/\/laurencepm-photo.com\/boutique\/bons-cadeaux\/#breadcrumb\",\"itemListElement\":[{\"@type\":\"ListItem\",\"position\":1,\"name\":\"Accueil\",\"item\":\"https:\/\/laurencepm-photo.com\/boutique\/\"},{\"@type\":\"ListItem\",\"position\":2,\"name\":\"Bons cadeaux\"}]},{\"@type\":\"WebSite\",\"@id\":\"https:\/\/laurencepm-photo.com\/boutique\/#website\",\"url\":\"https:\/\/laurencepm-photo.com\/boutique\/\",\"name\":\"Boutique de tirages d'art - Photos de paysages et de voyage\",\"description\":\"\",\"publisher\":{\"@id\":\"https:\/\/laurencepm-photo.com\/boutique\/#organization\"},\"potentialAction\":[{\"@type\":\"SearchAction\",\"target\":{\"@type\":\"EntryPoint\",\"urlTemplate\":\"https:\/\/laurencepm-photo.com\/boutique\/?s={search_term_string}\"},\"query-input\":{\"@type\":\"PropertyValueSpecification\",\"valueRequired\":true,\"valueName\":\"search_term_string\"}}],\"inLanguage\":\"fr-FR\"},{\"@type\":\"Organization\",\"@id\":\"https:\/\/laurencepm-photo.com\/boutique\/#organization\",\"name\":\"Laurence PM Photo\",\"url\":\"https:\/\/laurencepm-photo.com\/boutique\/\",\"logo\":{\"@type\":\"ImageObject\",\"inLanguage\":\"fr-FR\",\"@id\":\"https:\/\/laurencepm-photo.com\/boutique\/#\/schema\/logo\/image\/\",\"url\":\"https:\/\/laurencepm-photo.com\/boutique\/wp-content\/uploads\/2021\/09\/logophoto.png\",\"contentUrl\":\"https:\/\/laurencepm-photo.com\/boutique\/wp-content\/uploads\/2021\/09\/logophoto.png\",\"width\":1320,\"height\":549,\"caption\":\"Laurence PM Photo\"},\"image\":{\"@id\":\"https:\/\/laurencepm-photo.com\/boutique\/#\/schema\/logo\/image\/\"},\"sameAs\":[\"https:\/\/www.instagram.com\/laurencepmphoto\/\"]}]}<\/script>\n<!-- \/ Yoast SEO plugin. -->","yoast_head_json":{"title":"Bons cadeaux - Boutique de tirages d&#039;art - Photos de paysages et de voyage","description":"Photos de paysages disponibles sur tous types de supports et toutes dimensions. Imprim\u00e9es en France. D\u00e9coration des murs, bureaux, \u00e0 offrir, bons cadeaux et tirages d'art. Photos de Annecy, Rh\u00f4ne-Alpes, Parcs americains, photos de voyage, photo urbaine","robots":{"index":"index","follow":"follow","max-snippet":"max-snippet:-1","max-image-preview":"max-image-preview:large","max-video-preview":"max-video-preview:-1"},"canonical":"https:\/\/laurencepm-photo.com\/boutique\/bons-cadeaux\/","og_locale":"fr_FR","og_type":"article","og_title":"Bons cadeaux - Boutique de tirages d&#039;art - Photos de paysages et de voyage","og_description":"Photos de paysages disponibles sur tous types de supports et toutes dimensions. Imprim\u00e9es en France. D\u00e9coration des murs, bureaux, \u00e0 offrir, bons cadeaux et tirages d'art. Photos de Annecy, Rh\u00f4ne-Alpes, Parcs americains, photos de voyage, photo urbaine","og_url":"https:\/\/laurencepm-photo.com\/boutique\/bons-cadeaux\/","og_site_name":"Boutique de tirages d&#039;art - Photos de paysages et de voyage","article_modified_time":"2021-09-29T07:06:20+00:00","twitter_card":"summary_large_image","schema":{"@context":"https:\/\/schema.org","@graph":[{"@type":"WebPage","@id":"https:\/\/laurencepm-photo.com\/boutique\/bons-cadeaux\/","url":"https:\/\/laurencepm-photo.com\/boutique\/bons-cadeaux\/","name":"Bons cadeaux - Boutique de tirages d&#039;art - Photos de paysages et de voyage","isPartOf":{"@id":"https:\/\/laurencepm-photo.com\/boutique\/#website"},"datePublished":"2019-12-12T09:39:38+00:00","dateModified":"2021-09-29T07:06:20+00:00","description":"Photos de paysages disponibles sur tous types de supports et toutes dimensions. Imprim\u00e9es en France. D\u00e9coration des murs, bureaux, \u00e0 offrir, bons cadeaux et tirages d'art. Photos de Annecy, Rh\u00f4ne-Alpes, Parcs americains, photos de voyage, photo urbaine","breadcrumb":{"@id":"https:\/\/laurencepm-photo.com\/boutique\/bons-cadeaux\/#breadcrumb"},"inLanguage":"fr-FR","potentialAction":[{"@type":"ReadAction","target":["https:\/\/laurencepm-photo.com\/boutique\/bons-cadeaux\/"]}]},{"@type":"BreadcrumbList","@id":"https:\/\/laurencepm-photo.com\/boutique\/bons-cadeaux\/#breadcrumb","itemListElement":[{"@type":"ListItem","position":1,"name":"Accueil","item":"https:\/\/laurencepm-photo.com\/boutique\/"},{"@type":"ListItem","position":2,"name":"Bons cadeaux"}]},{"@type":"WebSite","@id":"https:\/\/laurencepm-photo.com\/boutique\/#website","url":"https:\/\/laurencepm-photo.com\/boutique\/","name":"Boutique de tirages d'art - Photos de paysages et de voyage","description":"","publisher":{"@id":"https:\/\/laurencepm-photo.com\/boutique\/#organization"},"potentialAction":[{"@type":"SearchAction","target":{"@type":"EntryPoint","urlTemplate":"https:\/\/laurencepm-photo.com\/boutique\/?s={search_term_string}"},"query-input":{"@type":"PropertyValueSpecification","valueRequired":true,"valueName":"search_term_string"}}],"inLanguage":"fr-FR"},{"@type":"Organization","@id":"https:\/\/laurencepm-photo.com\/boutique\/#organization","name":"Laurence PM Photo","url":"https:\/\/laurencepm-photo.com\/boutique\/","logo":{"@type":"ImageObject","inLanguage":"fr-FR","@id":"https:\/\/laurencepm-photo.com\/boutique\/#\/schema\/logo\/image\/","url":"https:\/\/laurencepm-photo.com\/boutique\/wp-content\/uploads\/2021\/09\/logophoto.png","contentUrl":"https:\/\/laurencepm-photo.com\/boutique\/wp-content\/uploads\/2021\/09\/logophoto.png","width":1320,"height":549,"caption":"Laurence PM Photo"},"image":{"@id":"https:\/\/laurencepm-photo.com\/boutique\/#\/schema\/logo\/image\/"},"sameAs":["https:\/\/www.instagram.com\/laurencepmphoto\/"]}]}},"jetpack_sharing_enabled":true,"_links":{"self":[{"href":"https:\/\/laurencepm-photo.com\/boutique\/wp-json\/wp\/v2\/pages\/7072","targetHints":{"allow":["GET"]}}],"collection":[{"href":"https:\/\/laurencepm-photo.com\/boutique\/wp-json\/wp\/v2\/pages"}],"about":[{"href":"https:\/\/laurencepm-photo.com\/boutique\/wp-json\/wp\/v2\/types\/page"}],"author":[{"embeddable":true,"href":"https:\/\/laurencepm-photo.com\/boutique\/wp-json\/wp\/v2\/users\/1"}],"replies":[{"embeddable":true,"href":"https:\/\/laurencepm-photo.com\/boutique\/wp-json\/wp\/v2\/comments?post=7072"}],"version-history":[{"count":0,"href":"https:\/\/laurencepm-photo.com\/boutique\/wp-json\/wp\/v2\/pages\/7072\/revisions"}],"wp:attachment":[{"href":"https:\/\/laurencepm-photo.com\/boutique\/wp-json\/wp\/v2\/media?parent=7072"}],"curies":[{"name":"wp","href":"https:\/\/api.w.org\/{rel}","templated":true}]}}