{"id":701,"date":"2011-05-20T18:49:43","date_gmt":"2011-05-21T01:49:43","guid":{"rendered":"https:\/\/wpthemetestdata.wordpress.com\/?page_id=701"},"modified":"2025-12-06T17:52:04","modified_gmt":"2025-12-06T16:52:04","slug":"vente-de-photos-de-paysage","status":"publish","type":"page","link":"https:\/\/laurencepm-photo.com\/boutique\/","title":{"rendered":"Achat de photos de paysages en tirages d&#8217;art et \u00e9dition limit\u00e9e"},"content":{"rendered":"<div class=\"wpb-content-wrapper\"><p>[vc_row][vc_column][vc_column_text css=&#8221;&#8221;]<\/p>\r\n<h3 style=\"text-align: center;\"><strong>Attention, les d\u00e9lais d&#8217;impression sont assez longs en ce moment chez mon imprimeur.<\/strong><\/h3>\r\n<h3 style=\"text-align: center;\"><strong>Patience!<\/strong><\/h3>\r\n<p>[\/vc_column_text][vc_column_text]<\/p>\r\n<p style=\"text-align: center;\">Id\u00e9al pour une id\u00e9e cadeau originale ou en d\u00e9coration murale dans un salon ou un bureau. Je vous propose un large choix de cat\u00e9gories, disponibles en <a href=\"https:\/\/laurencepm-photo.com\/boutique\/typesdesupports\/\">plusieurs dimensions et finitions<\/a> pour vos achats de photos de paysage. Il ne vous reste plus qu&#8217;a faire votre choix parmi les paysages d&#8217;Annecy et sa r\u00e9gion, les parcs Am\u00e9ricains, les paysages de nature, l&#8217;astrophotographie, les paysages urbains et de nature.<\/p>\r\n<p>[\/vc_column_text][\/vc_column][\/vc_row][vc_row][vc_column width=&#8221;1\/6&#8243;][\/vc_column][vc_column width=&#8221;2\/3&#8243;][vc_column_text]<\/p>\r\n<h2 style=\"text-align: center;\">A l&#8217;honneur en ce moment: notre calendrier permanent. Ne tardez pas pour le d\u00e9couvrir !<\/h2>\r\n<p>[\/vc_column_text][vc_row_inner][vc_column_inner width=&#8221;1\/3&#8243;][\/vc_column_inner][vc_column_inner width=&#8221;1\/3&#8243;]<div class=\"woocommerce columns-1 \"><ul class=\"products columns-1\">\n<li class=\"product type-product post-9414 status-publish first instock product_cat-calendrier-photo has-post-thumbnail shipping-taxable purchasable product-type-simple\">\n\t<div class=\"product-content\"><a href=\"https:\/\/laurencepm-photo.com\/boutique\/produit\/calendrier-photo-perpetuel-format-a3\/\" class=\"woocommerce-LoopProduct-link woocommerce-loop-product__link\"><div class=\"yith-proteo-product-loop-image\"><img loading=\"lazy\" decoding=\"async\" width=\"300\" height=\"216\" src=\"https:\/\/laurencepm-photo.com\/boutique\/wp-content\/uploads\/2021\/12\/UNE-300x216.jpg\" class=\"attachment-woocommerce_thumbnail size-woocommerce_thumbnail\" alt=\"Achat de calendrier de photo de paysages\" \/><\/div><h2 class=\"woocommerce-loop-product__title\">Calendrier photo PERPETUEL &#8211; Format A3<\/h2>\n\t<span class=\"price\"><span class=\"woocommerce-Price-amount amount\"><bdi>30,00&nbsp;<span class=\"woocommerce-Price-currencySymbol\">&euro;<\/span><\/bdi><\/span><\/span>\n<\/a><a href=\"\/boutique\/wp-json\/wp\/v2\/pages\/701?add-to-cart=9414\" aria-describedby=\"woocommerce_loop_add_to_cart_link_describedby_9414\" data-quantity=\"1\" class=\"button product_type_simple add_to_cart_button ajax_add_to_cart button-style-1\" data-product_id=\"9414\" data-product_sku=\"1077\" aria-label=\"Ajouter au panier\u00a0: &ldquo;Calendrier photo PERPETUEL - Format A3&rdquo;\" rel=\"nofollow\" data-success_message=\"\u00ab\u00a0Calendrier photo PERPETUEL - Format A3\u00a0\u00bb a \u00e9t\u00e9 ajout\u00e9 \u00e0 votre panier\" role=\"button\">Ajouter au panier<\/a>\t<span id=\"woocommerce_loop_add_to_cart_link_describedby_9414\" class=\"screen-reader-text\">\n\t\t\t<\/span>\n<\/div><\/li>\n<\/ul>\n<\/div>[\/vc_column_inner][vc_column_inner width=&#8221;1\/3&#8243;][\/vc_column_inner][\/vc_row_inner][\/vc_column][vc_column width=&#8221;1\/6&#8243;][\/vc_column][\/vc_row][vc_row][vc_column][vc_column_text]<!--vcv no format--><\/p>\r\n<div class=\"vce-row-container\" data-vce-boxed-width=\"true\">\r\n<div id=\"el-a349aea3\" class=\"vce-row vce-row--col-gap-30 vce-row-equal-height vce-row-content--top\" data-vce-do-apply=\"all el-a349aea3\">\r\n<div class=\"vce-row-content\" data-vce-element-content=\"true\">\r\n<div id=\"el-d37fc60b\" class=\"vce-col vce-col--md-auto vce-col--xs-1 vce-col--xs-last vce-col--xs-first vce-col--sm-last vce-col--sm-first vce-col--md-last vce-col--lg-last vce-col--xl-last vce-col--md-first vce-col--lg-first vce-col--xl-first\">\r\n<div class=\"vce-col-inner\" data-vce-do-apply=\"border margin background el-d37fc60b\">\r\n<div class=\"vce-col-content\" data-vce-element-content=\"true\" data-vce-do-apply=\"padding el-d37fc60b\">\r\n<div class=\"vce-text-block\">\r\n<div id=\"el-d25f0c61\" class=\"vce-text-block-wrapper vce\" data-vce-do-apply=\"all el-d25f0c61\">\r\n<p class=\"has-text-align-center\" style=\"font-size: 18px; text-align: center;\">Pour tout savoir sur les diff\u00e9rents supports, <a href=\"https:\/\/laurencepm-photo.com\/boutique\/typesdesupports\/\">c&#8217;est par ici !<\/a><\/p>\r\n<p><\/p>\r\n<\/div>\r\n<\/div>\r\n<\/div>\r\n<\/div>\r\n<\/div>\r\n<\/div>\r\n<\/div>\r\n<\/div>\r\n<div class=\"vce-row-container\" data-vce-boxed-width=\"true\">\r\n<div id=\"el-652679d4\" class=\"vce-row vce-row--col-gap-30 vce-row-equal-height vce-row-content--top\" data-vce-do-apply=\"all el-652679d4\">\r\n<div class=\"vce-row-content\" data-vce-element-content=\"true\">\r\n<div id=\"el-ce3eb855\" class=\"vce-col vce-col--md-50p vce-col--xs-1 vce-col--xs-last vce-col--xs-first vce-col--sm-last vce-col--sm-first vce-col--md-last vce-col--lg-last vce-col--xl-last\">\r\n<div class=\"vce-col-inner\" data-vce-do-apply=\"border margin background el-ce3eb855\">\r\n<div class=\"vce-col-content\" data-vce-element-content=\"true\" data-vce-do-apply=\"padding el-ce3eb855\">\r\n<div class=\"vce-text-block\">\r\n<div id=\"el-3175751f\" class=\"vce-text-block-wrapper vce\" data-vce-do-apply=\"all el-3175751f\">\u00a0<\/div>\r\n<\/div>\r\n<\/div>\r\n<\/div>\r\n<\/div>\r\n<\/div>\r\n<\/div>\r\n<\/div>\r\n<p>[\/vc_column_text][\/vc_column][\/vc_row][vc_row][vc_column width=&#8221;1\/2&#8243;][vc_separator color=&#8221;white&#8221;][vc_separator color=&#8221;white&#8221;][vc_column_text]<\/p>\r\n<h2>Editions limit\u00e9es<\/h2>\r\n<p>S\u00e9lection de tirages d&#8217;art de paysages en s\u00e9ries limit\u00e9es et num\u00e9rot\u00e9es&#8230;<\/p>\r\n<p>[\/vc_column_text][vc_btn title=&#8221;D\u00e9couvrir&#8221; color=&#8221;violet&#8221; link=&#8221;url:https%3A%2F%2Flaurencepm-photo.com%2Fboutique%2Feditions-limitees%2F|title:Editions%20limit%C3%A9es&#8221;][\/vc_column][vc_column width=&#8221;1\/2&#8243;][vc_single_image image=&#8221;9531&#8243; img_size=&#8221;large&#8221; style=&#8221;vc_box_rounded&#8221;][\/vc_column][\/vc_row][vc_row content_placement=&#8221;middle&#8221; css=&#8221;.vc_custom_1632427679009{margin-top: 0px !important;margin-bottom: 0px !important;border-top-width: 0px !important;border-bottom-width: 0px !important;padding-top: 0px !important;padding-bottom: 0px !important;}&#8221;][vc_column width=&#8221;1\/2&#8243; css=&#8221;.vc_custom_1632397818204{margin-top: 0px !important;margin-bottom: 0px !important;border-top-width: 0px !important;border-bottom-width: 0px !important;padding-top: 0px !important;padding-bottom: 0px !important;}&#8221; offset=&#8221;vc_col-lg-offset-0&#8243;][vc_single_image image=&#8221;7452&#8243; img_size=&#8221;large&#8221; style=&#8221;vc_box_rounded&#8221;][\/vc_column][vc_column width=&#8221;1\/2&#8243; css=&#8221;.vc_custom_1632394961943{margin-top: 0px !important;margin-bottom: 0px !important;border-top-width: 0px !important;border-bottom-width: 0px !important;padding-top: 0px !important;padding-bottom: 0px !important;}&#8221;][vc_column_text]<\/p>\r\n<h2>Photos d&#8217;Annecy et des Alpes<\/h2>\r\n<p>Vous trouverez ici mes images d&#8217;Annecy et sa r\u00e9gion. Vous pouvez acheter des tirages en diff\u00e9rents formats et diff\u00e9rents types de papiers. Pour tout &#8230;[\/vc_column_text][vc_btn title=&#8221;D\u00e9couvrir&#8221; color=&#8221;violet&#8221; link=&#8221;url:https%3A%2F%2Flaurencepm-photo.com%2Fboutique%2Fphotos-dannecy-et-des-alpes%2F|title:Photos%20d%E2%80%99Annecy%20et%20des%20Alpes&#8221;][\/vc_column][\/vc_row][vc_row content_placement=&#8221;middle&#8221; css=&#8221;.vc_custom_1632427683671{margin-top: 0px !important;margin-bottom: 0px !important;border-top-width: 0px !important;border-bottom-width: 0px !important;padding-top: 0px !important;padding-bottom: 0px !important;}&#8221;][vc_column width=&#8221;1\/2&#8243; css=&#8221;.vc_custom_1632394945834{margin-top: 0px !important;margin-bottom: 0px !important;border-top-width: 0px !important;border-bottom-width: 0px !important;padding-top: 0px !important;padding-bottom: 0px !important;}&#8221;][vc_column_text]<\/p>\r\n<h2>Photos Urbaines<\/h2>\r\n<p>Villes la nuit, architecture, effervescence. Tout ce qui rend la photo urbaines int\u00e9ressante &#8230;<span id=\"el-b7b9272d\" data-vce-do-apply=\"margin el-b7b9272d\"><\/span>[\/vc_column_text][vc_btn title=&#8221;D\u00e9couvrir&#8221; color=&#8221;violet&#8221; link=&#8221;url:https%3A%2F%2Flaurencepm-photo.com%2Fboutique%2Fphotos-urbaines%2F|title:Photos%20urbaines&#8221;][\/vc_column][vc_column width=&#8221;1\/2&#8243; css=&#8221;.vc_custom_1632397768689{margin-top: 0px !important;margin-bottom: 0px !important;border-top-width: 0px !important;border-bottom-width: 0px !important;padding-top: 0px !important;padding-bottom: 0px !important;}&#8221; offset=&#8221;vc_col-lg-offset-0&#8243;][vc_single_image image=&#8221;7474&#8243; img_size=&#8221;large&#8221; style=&#8221;vc_box_rounded&#8221;][\/vc_column][\/vc_row][vc_row content_placement=&#8221;middle&#8221; css=&#8221;.vc_custom_1632427695272{margin-top: 0px !important;margin-bottom: 0px !important;border-top-width: 0px !important;border-bottom-width: 0px !important;padding-top: 0px !important;padding-bottom: 0px !important;}&#8221;][vc_column width=&#8221;1\/2&#8243; css=&#8221;.vc_custom_1632394954621{margin-top: 0px !important;margin-bottom: 0px !important;border-top-width: 0px !important;border-bottom-width: 0px !important;padding-top: 0px !important;padding-bottom: 0px !important;}&#8221;][vc_single_image image=&#8221;7477&#8243; img_size=&#8221;large&#8221; style=&#8221;vc_box_rounded&#8221;][\/vc_column][vc_column width=&#8221;1\/2&#8243; css=&#8221;.vc_custom_1632394961943{margin-top: 0px !important;margin-bottom: 0px !important;border-top-width: 0px !important;border-bottom-width: 0px !important;padding-top: 0px !important;padding-bottom: 0px !important;}&#8221;][vc_column_text]<\/p>\r\n<div id=\"el-4976c94f\">\r\n<div data-vce-do-apply=\"border margin background el-4976c94f\">\r\n<div data-vce-element-content=\"true\" data-vce-do-apply=\"padding el-4976c94f\">\r\n<div>\r\n<div id=\"el-1b2b0927\" data-vce-do-apply=\"all el-1b2b0927\">\r\n<h2>Parcs Am\u00e9ricains<\/h2>\r\n<p>Photos des parcs de l&#8217;Ouest Am\u00e9ricain : Zion, Grand Canyon, Antelope, Arches, Bryce Canyon &#8230;<\/p>\r\n<\/div>\r\n<\/div>\r\n<\/div>\r\n<\/div>\r\n<\/div>\r\n<p>[\/vc_column_text][vc_btn title=&#8221;D\u00e9couvrir&#8221; color=&#8221;violet&#8221; link=&#8221;url:https%3A%2F%2Flaurencepm-photo.com%2Fboutique%2Fparcs-americains%2F&#8221;][\/vc_column][\/vc_row][vc_row equal_height=&#8221;yes&#8221; content_placement=&#8221;middle&#8221; css=&#8221;.vc_custom_1632396567342{margin-top: 0px !important;margin-bottom: 0px !important;border-top-width: 0px !important;border-bottom-width: 0px !important;padding-top: 0px !important;padding-bottom: 0px !important;}&#8221;][vc_column width=&#8221;1\/2&#8243; css=&#8221;.vc_custom_1632394945834{margin-top: 0px !important;margin-bottom: 0px !important;border-top-width: 0px !important;border-bottom-width: 0px !important;padding-top: 0px !important;padding-bottom: 0px !important;}&#8221;][vc_column_text]<\/p>\r\n<h2>Photos de nature<\/h2>\r\n<p>Animaux, plantes, macrophoto, gros plans, couleurs, beaut\u00e9 de la Nature &#8230;[\/vc_column_text][vc_btn title=&#8221;D\u00e9couvrir&#8221; color=&#8221;violet&#8221; link=&#8221;url:https%3A%2F%2Flaurencepm-photo.com%2Fboutique%2Fphotos-de-nature%2F|title:Photos%20de%20nature&#8221;][\/vc_column][vc_column width=&#8221;1\/2&#8243; css=&#8221;.vc_custom_1632394934095{margin-top: 0px !important;margin-bottom: 0px !important;border-top-width: 0px !important;border-bottom-width: 0px !important;padding-top: 0px !important;padding-bottom: 0px !important;}&#8221;][vc_single_image image=&#8221;7480&#8243; img_size=&#8221;large&#8221; style=&#8221;vc_box_rounded&#8221;][\/vc_column][\/vc_row][vc_row content_placement=&#8221;middle&#8221; css=&#8221;.vc_custom_1632427700446{margin-top: 0px !important;margin-bottom: 0px !important;border-top-width: 0px !important;border-bottom-width: 0px !important;padding-top: 0px !important;padding-bottom: 0px !important;}&#8221;][vc_column width=&#8221;1\/2&#8243; css=&#8221;.vc_custom_1632394954621{margin-top: 0px !important;margin-bottom: 0px !important;border-top-width: 0px !important;border-bottom-width: 0px !important;padding-top: 0px !important;padding-bottom: 0px !important;}&#8221;][vc_single_image image=&#8221;7483&#8243; img_size=&#8221;large&#8221; style=&#8221;vc_box_rounded&#8221;][\/vc_column][vc_column width=&#8221;1\/2&#8243; css=&#8221;.vc_custom_1632394961943{margin-top: 0px !important;margin-bottom: 0px !important;border-top-width: 0px !important;border-bottom-width: 0px !important;padding-top: 0px !important;padding-bottom: 0px !important;}&#8221;][vc_column_text]<\/p>\r\n<h2>Photos de voyages<\/h2>\r\n<p>Voyages \u00e0 Bali, USA, Prague, Londres, etc &#8230;[\/vc_column_text][vc_btn title=&#8221;D\u00e9couvrir&#8221; color=&#8221;violet&#8221; link=&#8221;url:https%3A%2F%2Flaurencepm-photo.com%2Fboutique%2Fphotos-de-voyages%2F|title:Photos%20de%20voyages&#8221;][\/vc_column][\/vc_row][vc_row content_placement=&#8221;middle&#8221; css=&#8221;.vc_custom_1632427705280{margin-top: 0px !important;margin-bottom: 0px !important;border-top-width: 0px !important;border-bottom-width: 0px !important;padding-top: 0px !important;padding-bottom: 0px !important;}&#8221;][vc_column width=&#8221;1\/2&#8243; css=&#8221;.vc_custom_1632394945834{margin-top: 0px !important;margin-bottom: 0px !important;border-top-width: 0px !important;border-bottom-width: 0px !important;padding-top: 0px !important;padding-bottom: 0px !important;}&#8221;][vc_column_text]<\/p>\r\n<h2>Astrophoto<\/h2>\r\n<p>Photos de paysages nocturnes, startrails, voie lact\u00e9e, circumpolaires &#8230;[\/vc_column_text][vc_btn title=&#8221;D\u00e9couvrir&#8221; color=&#8221;violet&#8221; link=&#8221;url:https%3A%2F%2Flaurencepm-photo.com%2Fboutique%2Fastrophoto%2F&#8221;][\/vc_column][vc_column width=&#8221;1\/2&#8243; css=&#8221;.vc_custom_1632394934095{margin-top: 0px !important;margin-bottom: 0px !important;border-top-width: 0px !important;border-bottom-width: 0px !important;padding-top: 0px !important;padding-bottom: 0px !important;}&#8221;][vc_single_image image=&#8221;7486&#8243; img_size=&#8221;large&#8221; style=&#8221;vc_box_rounded&#8221;][\/vc_column][\/vc_row][vc_row][vc_column][vc_empty_space height=&#8221;70&#8243;][\/vc_column][\/vc_row][vc_row][vc_column width=&#8221;1\/3&#8243;][vc_icon icon_fontawesome=&#8221;fas fa-hotel&#8221; color=&#8221;custom&#8221; background_style=&#8221;rounded&#8221; size=&#8221;sm&#8221; align=&#8221;center&#8221; custom_color=&#8221;#7c57bb&#8221;][vc_column_text]<\/p>\r\n<h5 style=\"text-align: center;\"><a href=\"https:\/\/laurencepm-photo.com\/fr\" target=\"_blank\" rel=\"noopener\">Mon portfolio de photographe d&#8217;architecture \u00e0 Annecy, Gen\u00e8ve<\/a><\/h5>\r\n<p>[\/vc_column_text][\/vc_column][vc_column width=&#8221;1\/3&#8243;][vc_icon type=&#8221;entypo&#8221; icon_entypo=&#8221;entypo-icon entypo-icon-user&#8221; color=&#8221;custom&#8221; background_style=&#8221;rounded&#8221; size=&#8221;sm&#8221; align=&#8221;center&#8221; custom_color=&#8221;#7c57bb&#8221;][vc_column_text]<\/p>\r\n<h5 style=\"text-align: center;\"><a href=\"https:\/\/laurencepm-portraits.com\/fr\" target=\"_blank\" rel=\"noopener\">Mon portfolio de photographe de portrait \u00e0 Annecy, Gen\u00e8ve<\/a><\/h5>\r\n<p>[\/vc_column_text][\/vc_column][vc_column width=&#8221;1\/3&#8243;][vc_icon type=&#8221;monosocial&#8221; icon_monosocial=&#8221;vc-mono vc-mono-linkedin&#8221; color=&#8221;custom&#8221; background_style=&#8221;rounded&#8221; size=&#8221;sm&#8221; align=&#8221;center&#8221; custom_color=&#8221;#7c57bb&#8221;][vc_column_text]<\/p>\r\n<h5 style=\"text-align: center;\"><a href=\"https:\/\/www.linkedin.com\/company\/8802385\" target=\"_blank\" rel=\"noopener\">Ma page Linkedin Pro<\/a><\/h5>\r\n<p>[\/vc_column_text][\/vc_column][\/vc_row]<\/p><\/div>","protected":false},"excerpt":{"rendered":"<p>[vc_row][vc_column][vc_column_text css=&#8221;&#8221;] Attention, les d\u00e9lais d&#8217;impression sont assez longs en ce moment chez mon imprimeur. Patience! [\/vc_column_text][vc_column_text] Id\u00e9al pour une id\u00e9e cadeau originale ou en d\u00e9coration murale dans un salon ou un bureau. Je vous propose un large choix de cat\u00e9gories, disponibles en plusieurs dimensions et finitions pour vos achats de photos de paysage. Il<a class=\"more-link\" href=\"https:\/\/laurencepm-photo.com\/boutique\/\">Lire plus \u27f6<\/a><\/p>\n","protected":false},"author":1,"featured_media":0,"parent":0,"menu_order":0,"comment_status":"closed","ping_status":"closed","template":"","meta":{"_editorskit_title_hidden":false,"_editorskit_reading_time":0,"_editorskit_is_block_options_detached":false,"_editorskit_block_options_position":"{}","footnotes":""},"class_list":["post-701","page","type-page","status-publish","hentry"],"yoast_head":"<!-- This site is optimized with the Yoast SEO plugin v26.6 - https:\/\/yoast.com\/wordpress\/plugins\/seo\/ -->\n<title>Achat de photos de paysages en tirages d&#039;art et \u00e9dition limit\u00e9e<\/title>\n<meta name=\"description\" content=\"Faites l&#039;acquisition de tirages d&#039;art en \u00e9dition limit\u00e9e pour habiller vos int\u00e9rieurs de mani\u00e8re originale. Faites votre choix parmi les nombreux th\u00e8mes.\" \/>\n<meta name=\"robots\" content=\"index, follow, max-snippet:-1, max-image-preview:large, max-video-preview:-1\" \/>\n<link rel=\"canonical\" href=\"https:\/\/laurencepm-photo.com\/boutique\/\" \/>\n<meta property=\"og:locale\" content=\"fr_FR\" \/>\n<meta property=\"og:type\" content=\"article\" \/>\n<meta property=\"og:title\" content=\"Achat de photos de paysages en tirages d&#039;art et \u00e9dition limit\u00e9e\" \/>\n<meta property=\"og:description\" content=\"Faites l&#039;acquisition de tirages d&#039;art en \u00e9dition limit\u00e9e pour habiller vos int\u00e9rieurs de mani\u00e8re originale. Faites votre choix parmi les nombreux th\u00e8mes.\" \/>\n<meta property=\"og:url\" content=\"https:\/\/laurencepm-photo.com\/boutique\/\" \/>\n<meta property=\"og:site_name\" content=\"Boutique de tirages d&#039;art - Photos de paysages et de voyage\" \/>\n<meta property=\"article:modified_time\" content=\"2025-12-06T16:52:04+00:00\" \/>\n<meta name=\"twitter:card\" content=\"summary_large_image\" \/>\n<meta name=\"twitter:label1\" content=\"Dur\u00e9e de lecture estim\u00e9e\" \/>\n\t<meta name=\"twitter:data1\" content=\"4 minutes\" \/>\n<script type=\"application\/ld+json\" class=\"yoast-schema-graph\">{\"@context\":\"https:\/\/schema.org\",\"@graph\":[{\"@type\":\"WebPage\",\"@id\":\"https:\/\/laurencepm-photo.com\/boutique\/\",\"url\":\"https:\/\/laurencepm-photo.com\/boutique\/\",\"name\":\"Achat de photos de paysages en tirages d'art et \u00e9dition limit\u00e9e\",\"isPartOf\":{\"@id\":\"https:\/\/laurencepm-photo.com\/boutique\/#website\"},\"datePublished\":\"2011-05-21T01:49:43+00:00\",\"dateModified\":\"2025-12-06T16:52:04+00:00\",\"description\":\"Faites l'acquisition de tirages d'art en \u00e9dition limit\u00e9e pour habiller vos int\u00e9rieurs de mani\u00e8re originale. Faites votre choix parmi les nombreux th\u00e8mes.\",\"breadcrumb\":{\"@id\":\"https:\/\/laurencepm-photo.com\/boutique\/#breadcrumb\"},\"inLanguage\":\"fr-FR\",\"potentialAction\":[{\"@type\":\"ReadAction\",\"target\":[\"https:\/\/laurencepm-photo.com\/boutique\/\"]}]},{\"@type\":\"BreadcrumbList\",\"@id\":\"https:\/\/laurencepm-photo.com\/boutique\/#breadcrumb\",\"itemListElement\":[{\"@type\":\"ListItem\",\"position\":1,\"name\":\"Accueil\",\"item\":\"https:\/\/laurencepm-photo.com\/boutique\/\"},{\"@type\":\"ListItem\",\"position\":2,\"name\":\"Achat de photos de paysages en tirages d&#8217;art et \u00e9dition limit\u00e9e\"}]},{\"@type\":\"WebSite\",\"@id\":\"https:\/\/laurencepm-photo.com\/boutique\/#website\",\"url\":\"https:\/\/laurencepm-photo.com\/boutique\/\",\"name\":\"Boutique de tirages d'art - Photos de paysages et de voyage\",\"description\":\"\",\"publisher\":{\"@id\":\"https:\/\/laurencepm-photo.com\/boutique\/#organization\"},\"potentialAction\":[{\"@type\":\"SearchAction\",\"target\":{\"@type\":\"EntryPoint\",\"urlTemplate\":\"https:\/\/laurencepm-photo.com\/boutique\/?s={search_term_string}\"},\"query-input\":{\"@type\":\"PropertyValueSpecification\",\"valueRequired\":true,\"valueName\":\"search_term_string\"}}],\"inLanguage\":\"fr-FR\"},{\"@type\":\"Organization\",\"@id\":\"https:\/\/laurencepm-photo.com\/boutique\/#organization\",\"name\":\"Laurence PM Photo\",\"url\":\"https:\/\/laurencepm-photo.com\/boutique\/\",\"logo\":{\"@type\":\"ImageObject\",\"inLanguage\":\"fr-FR\",\"@id\":\"https:\/\/laurencepm-photo.com\/boutique\/#\/schema\/logo\/image\/\",\"url\":\"https:\/\/laurencepm-photo.com\/boutique\/wp-content\/uploads\/2021\/09\/logophoto.png\",\"contentUrl\":\"https:\/\/laurencepm-photo.com\/boutique\/wp-content\/uploads\/2021\/09\/logophoto.png\",\"width\":1320,\"height\":549,\"caption\":\"Laurence PM Photo\"},\"image\":{\"@id\":\"https:\/\/laurencepm-photo.com\/boutique\/#\/schema\/logo\/image\/\"},\"sameAs\":[\"https:\/\/www.instagram.com\/laurencepmphoto\/\"]}]}<\/script>\n<!-- \/ Yoast SEO plugin. -->","yoast_head_json":{"title":"Achat de photos de paysages en tirages d'art et \u00e9dition limit\u00e9e","description":"Faites l'acquisition de tirages d'art en \u00e9dition limit\u00e9e pour habiller vos int\u00e9rieurs de mani\u00e8re originale. Faites votre choix parmi les nombreux th\u00e8mes.","robots":{"index":"index","follow":"follow","max-snippet":"max-snippet:-1","max-image-preview":"max-image-preview:large","max-video-preview":"max-video-preview:-1"},"canonical":"https:\/\/laurencepm-photo.com\/boutique\/","og_locale":"fr_FR","og_type":"article","og_title":"Achat de photos de paysages en tirages d'art et \u00e9dition limit\u00e9e","og_description":"Faites l'acquisition de tirages d'art en \u00e9dition limit\u00e9e pour habiller vos int\u00e9rieurs de mani\u00e8re originale. Faites votre choix parmi les nombreux th\u00e8mes.","og_url":"https:\/\/laurencepm-photo.com\/boutique\/","og_site_name":"Boutique de tirages d&#039;art - Photos de paysages et de voyage","article_modified_time":"2025-12-06T16:52:04+00:00","twitter_card":"summary_large_image","twitter_misc":{"Dur\u00e9e de lecture estim\u00e9e":"4 minutes"},"schema":{"@context":"https:\/\/schema.org","@graph":[{"@type":"WebPage","@id":"https:\/\/laurencepm-photo.com\/boutique\/","url":"https:\/\/laurencepm-photo.com\/boutique\/","name":"Achat de photos de paysages en tirages d'art et \u00e9dition limit\u00e9e","isPartOf":{"@id":"https:\/\/laurencepm-photo.com\/boutique\/#website"},"datePublished":"2011-05-21T01:49:43+00:00","dateModified":"2025-12-06T16:52:04+00:00","description":"Faites l'acquisition de tirages d'art en \u00e9dition limit\u00e9e pour habiller vos int\u00e9rieurs de mani\u00e8re originale. Faites votre choix parmi les nombreux th\u00e8mes.","breadcrumb":{"@id":"https:\/\/laurencepm-photo.com\/boutique\/#breadcrumb"},"inLanguage":"fr-FR","potentialAction":[{"@type":"ReadAction","target":["https:\/\/laurencepm-photo.com\/boutique\/"]}]},{"@type":"BreadcrumbList","@id":"https:\/\/laurencepm-photo.com\/boutique\/#breadcrumb","itemListElement":[{"@type":"ListItem","position":1,"name":"Accueil","item":"https:\/\/laurencepm-photo.com\/boutique\/"},{"@type":"ListItem","position":2,"name":"Achat de photos de paysages en tirages d&#8217;art et \u00e9dition limit\u00e9e"}]},{"@type":"WebSite","@id":"https:\/\/laurencepm-photo.com\/boutique\/#website","url":"https:\/\/laurencepm-photo.com\/boutique\/","name":"Boutique de tirages d'art - Photos de paysages et de voyage","description":"","publisher":{"@id":"https:\/\/laurencepm-photo.com\/boutique\/#organization"},"potentialAction":[{"@type":"SearchAction","target":{"@type":"EntryPoint","urlTemplate":"https:\/\/laurencepm-photo.com\/boutique\/?s={search_term_string}"},"query-input":{"@type":"PropertyValueSpecification","valueRequired":true,"valueName":"search_term_string"}}],"inLanguage":"fr-FR"},{"@type":"Organization","@id":"https:\/\/laurencepm-photo.com\/boutique\/#organization","name":"Laurence PM Photo","url":"https:\/\/laurencepm-photo.com\/boutique\/","logo":{"@type":"ImageObject","inLanguage":"fr-FR","@id":"https:\/\/laurencepm-photo.com\/boutique\/#\/schema\/logo\/image\/","url":"https:\/\/laurencepm-photo.com\/boutique\/wp-content\/uploads\/2021\/09\/logophoto.png","contentUrl":"https:\/\/laurencepm-photo.com\/boutique\/wp-content\/uploads\/2021\/09\/logophoto.png","width":1320,"height":549,"caption":"Laurence PM Photo"},"image":{"@id":"https:\/\/laurencepm-photo.com\/boutique\/#\/schema\/logo\/image\/"},"sameAs":["https:\/\/www.instagram.com\/laurencepmphoto\/"]}]}},"jetpack_sharing_enabled":true,"_links":{"self":[{"href":"https:\/\/laurencepm-photo.com\/boutique\/wp-json\/wp\/v2\/pages\/701","targetHints":{"allow":["GET"]}}],"collection":[{"href":"https:\/\/laurencepm-photo.com\/boutique\/wp-json\/wp\/v2\/pages"}],"about":[{"href":"https:\/\/laurencepm-photo.com\/boutique\/wp-json\/wp\/v2\/types\/page"}],"author":[{"embeddable":true,"href":"https:\/\/laurencepm-photo.com\/boutique\/wp-json\/wp\/v2\/users\/1"}],"replies":[{"embeddable":true,"href":"https:\/\/laurencepm-photo.com\/boutique\/wp-json\/wp\/v2\/comments?post=701"}],"version-history":[{"count":32,"href":"https:\/\/laurencepm-photo.com\/boutique\/wp-json\/wp\/v2\/pages\/701\/revisions"}],"predecessor-version":[{"id":9430,"href":"https:\/\/laurencepm-photo.com\/boutique\/wp-json\/wp\/v2\/pages\/701\/revisions\/9430"}],"wp:attachment":[{"href":"https:\/\/laurencepm-photo.com\/boutique\/wp-json\/wp\/v2\/media?parent=701"}],"curies":[{"name":"wp","href":"https:\/\/api.w.org\/{rel}","templated":true}]}}