{"id":3094,"date":"2019-08-09T15:05:47","date_gmt":"2019-08-09T13:05:47","guid":{"rendered":"https:\/\/proteo.yithemes.com\/classic-shop\/?page_id=3094"},"modified":"2025-03-12T10:18:16","modified_gmt":"2025-03-12T09:18:16","slug":"contact","status":"publish","type":"page","link":"https:\/\/laurencepm-photo.com\/boutique\/contact\/","title":{"rendered":"Contact"},"content":{"rendered":"<div class=\"wpb-content-wrapper\"><p>[vc_row][vc_column width=&#8221;1\/4&#8243;][vc_column_text]<!--vcv no format--><\/p>\n<div class=\"vce-row-container\" data-vce-boxed-width=\"true\">\n<div id=\"el-cbc4deb9\" class=\"vce-row vce-row--col-gap-30 vce-row-equal-height vce-row-content--top\" data-vce-do-apply=\"all el-cbc4deb9\">\n<div class=\"vce-row-content\" data-vce-element-content=\"true\">\n<div id=\"el-b80606dc\" class=\"vce-col vce-col--md-auto vce-col--xs-1 vce-col--xs-last vce-col--xs-first vce-col--sm-last vce-col--sm-first vce-col--md-last vce-col--lg-last vce-col--xl-last vce-col--md-first vce-col--lg-first vce-col--xl-first\">\n<div class=\"vce-col-inner\" data-vce-do-apply=\"border margin background el-b80606dc\">\n<div class=\"vce-col-content\" data-vce-element-content=\"true\" data-vce-do-apply=\"padding el-b80606dc\">\n<div class=\"vce-text-block\">\n<div id=\"el-f9c86bf5\" class=\"vce-text-block-wrapper vce\" data-vce-do-apply=\"all el-f9c86bf5\">\n<p>Vous pouvez nous contacter par t\u00e9l\u00e9phone au 06 51 23 79 00 , par <a href=\"mailto:contact@laurencepm-photo.com\">email<\/a> ou nous envoyer un message:<\/p>\n<\/div>\n<\/div>\n<\/div>\n<\/div>\n<\/div>\n<\/div>\n<\/div>\n<\/div>\n<p><!--vcv no format-->[\/vc_column_text][vc_column_text]<em>Pour toute commande en dehors de la France m\u00e9tropolitaine (et Corse), merci de renseigner le formulaire de contact ci-contre.<\/em>[\/vc_column_text][\/vc_column][vc_column width=&#8221;3\/4&#8243;][vc_column_text]\n<!-- This file should primarily consist of HTML with a little bit of PHP. -->\n<div class=\"app-flo-forms app-flo-forms_9209\" data-form_id=\"9209\">\n  <form class=\"flo-form\" enctype=\"multipart\/form-data\" >\n    <flo-form v-bind:form_id=\"9209\"><\/flo-form>\n    <input type=\"hidden\" name=\"flo_fid\" value=\"9209\">\n    <div class=\"flo overlay-loader\">\n      <div class=\"loader\"><div><\/div><div><\/div><div><\/div><div><\/div><div><\/div><div><\/div><div><\/div><\/div>\n    <\/div>\n    <div class=\"flo-response\"><\/div>\n    <div class=\"flo-response-error\"><\/div>\n  <\/form>\n<\/div>[\/vc_column_text][\/vc_column][\/vc_row][vc_row disable_element=&#8221;yes&#8221;][vc_column][vc_empty_space height=&#8221;20px&#8221;][vc_text_separator title=&#8221;O\u00f9 nous trouver&#8221; i_icon_fontawesome=&#8221;fas fa-globe-europe&#8221; i_color=&#8221;black&#8221; i_size=&#8221;lg&#8221; style=&#8221;shadow&#8221; add_icon=&#8221;true&#8221;][vc_empty_space height=&#8221;20px&#8221;][\/vc_column][\/vc_row][vc_row disable_element=&#8221;yes&#8221;][vc_column width=&#8221;1\/4&#8243;][vc_column_text]Le studio se trouve \u00e0 Annecy-le-Vieux et nous vous recevons sur rendez-vous uniquement.[\/vc_column_text][\/vc_column][vc_column width=&#8221;3\/4&#8243;][vc_gmaps link=&#8221;#E-8_JTNDaWZyYW1lJTIwc3JjJTNEJTIyaHR0cHMlM0ElMkYlMkZ3d3cuZ29vZ2xlLmNvbSUyRm1hcHMlMkZlbWJlZCUzRnBiJTNEJTIxMW0xOCUyMTFtMTIlMjExbTMlMjExZDIwOTkuMDc0NTkwOTE1MzM5NyUyMTJkNi4xNjM2OTExNzkwMzA0OTMlMjEzZDQ1LjkyOTYyOTIzMDkzMDg3JTIxMm0zJTIxMWYwJTIxMmYwJTIxM2YwJTIxM20yJTIxMWkxMDI0JTIxMmk3NjglMjE0ZjEzLjElMjEzbTMlMjExbTIlMjExczB4NDc4YjhmZTBhYTA4ZWMzNSUyNTNBMHgyODYyY2I5ZDNiNjhlY2RlJTIxMnNMYXVyZW5jZSUyNTIwUE0lMjUyMFBob3RvJTI1MjAtJTI1MjBQaG90b2dyYXBoZSUyNTIwZXQlMjUyMHZpc2l0ZSUyNTIwdmlydHVlbGxlJTI1MjAzRCUyMTVlMCUyMTNtMiUyMTFzZnIlMjEyc2ZyJTIxNHYxNjMzNjkyMzAyNzU4JTIxNW0yJTIxMXNmciUyMTJzZnIlMjIlMjB3aWR0aCUzRCUyMjgwMCUyMiUyMGhlaWdodCUzRCUyMjYwMCUyMiUyMHN0eWxlJTNEJTIyYm9yZGVyJTNBMCUzQiUyMiUyMGFsbG93ZnVsbHNjcmVlbiUzRCUyMiUyMiUyMGxvYWRpbmclM0QlMjJsYXp5JTIyJTNFJTNDJTJGaWZyYW1lJTNF&#8221; css_animation=&#8221;bounceIn&#8221;][\/vc_column][\/vc_row][vc_row][vc_column width=&#8221;3\/4&#8243;][\/vc_column][\/vc_row]<\/p>\n<\/div>","protected":false},"excerpt":{"rendered":"<p>[vc_row][vc_column width=&#8221;1\/4&#8243;][vc_column_text] Vous pouvez nous contacter par t\u00e9l\u00e9phone au 06 51 23 79 00 , par email ou nous envoyer un message: [\/vc_column_text][vc_column_text]Pour toute commande en dehors de la France m\u00e9tropolitaine (et Corse), merci de renseigner le formulaire de contact ci-contre.[\/vc_column_text][\/vc_column][vc_column width=&#8221;3\/4&#8243;][vc_column_text][\/vc_column_text][\/vc_column][\/vc_row][vc_row disable_element=&#8221;yes&#8221;][vc_column][vc_empty_space height=&#8221;20px&#8221;][vc_text_separator title=&#8221;O\u00f9 nous trouver&#8221; i_icon_fontawesome=&#8221;fas fa-globe-europe&#8221; i_color=&#8221;black&#8221; i_size=&#8221;lg&#8221; style=&#8221;shadow&#8221; add_icon=&#8221;true&#8221;][vc_empty_space height=&#8221;20px&#8221;][\/vc_column][\/vc_row][vc_row disable_element=&#8221;yes&#8221;][vc_column<a class=\"more-link\" href=\"https:\/\/laurencepm-photo.com\/boutique\/contact\/\">Lire plus \u27f6<\/a><\/p>\n","protected":false},"author":1,"featured_media":0,"parent":0,"menu_order":0,"comment_status":"closed","ping_status":"closed","template":"","meta":{"_editorskit_title_hidden":false,"_editorskit_reading_time":0,"_editorskit_is_block_options_detached":false,"_editorskit_block_options_position":"{}","footnotes":""},"class_list":["post-3094","page","type-page","status-publish","hentry"],"yoast_head":"<!-- This site is optimized with the Yoast SEO plugin v26.6 - https:\/\/yoast.com\/wordpress\/plugins\/seo\/ -->\n<title>Contact - Boutique de tirages d&#039;art - Photos de paysages et de voyage<\/title>\n<meta name=\"description\" content=\"Photos de paysages disponibles sur tous types de supports et toutes dimensions. Imprim\u00e9es en France. D\u00e9coration des murs, bureaux, \u00e0 offrir, bons cadeaux et tirages d&#039;art. Photos de Annecy, Rh\u00f4ne-Alpes, Parcs americains, photos de voyage, photo urbaine\" \/>\n<meta name=\"robots\" content=\"index, follow, max-snippet:-1, max-image-preview:large, max-video-preview:-1\" \/>\n<link rel=\"canonical\" href=\"https:\/\/laurencepm-photo.com\/boutique\/contact\/\" \/>\n<meta property=\"og:locale\" content=\"fr_FR\" \/>\n<meta property=\"og:type\" content=\"article\" \/>\n<meta property=\"og:title\" content=\"Contact - Boutique de tirages d&#039;art - Photos de paysages et de voyage\" \/>\n<meta property=\"og:description\" content=\"Photos de paysages disponibles sur tous types de supports et toutes dimensions. Imprim\u00e9es en France. D\u00e9coration des murs, bureaux, \u00e0 offrir, bons cadeaux et tirages d&#039;art. Photos de Annecy, Rh\u00f4ne-Alpes, Parcs americains, photos de voyage, photo urbaine\" \/>\n<meta property=\"og:url\" content=\"https:\/\/laurencepm-photo.com\/boutique\/contact\/\" \/>\n<meta property=\"og:site_name\" content=\"Boutique de tirages d&#039;art - Photos de paysages et de voyage\" \/>\n<meta property=\"article:modified_time\" content=\"2025-03-12T09:18:16+00:00\" \/>\n<meta name=\"twitter:card\" content=\"summary_large_image\" \/>\n<meta name=\"twitter:label1\" content=\"Dur\u00e9e de lecture estim\u00e9e\" \/>\n\t<meta name=\"twitter:data1\" content=\"1 minute\" \/>\n<script type=\"application\/ld+json\" class=\"yoast-schema-graph\">{\"@context\":\"https:\/\/schema.org\",\"@graph\":[{\"@type\":\"WebPage\",\"@id\":\"https:\/\/laurencepm-photo.com\/boutique\/contact\/\",\"url\":\"https:\/\/laurencepm-photo.com\/boutique\/contact\/\",\"name\":\"Contact - Boutique de tirages d&#039;art - Photos de paysages et de voyage\",\"isPartOf\":{\"@id\":\"https:\/\/laurencepm-photo.com\/boutique\/#website\"},\"datePublished\":\"2019-08-09T13:05:47+00:00\",\"dateModified\":\"2025-03-12T09:18:16+00:00\",\"description\":\"Photos de paysages disponibles sur tous types de supports et toutes dimensions. Imprim\u00e9es en France. D\u00e9coration des murs, bureaux, \u00e0 offrir, bons cadeaux et tirages d'art. Photos de Annecy, Rh\u00f4ne-Alpes, Parcs americains, photos de voyage, photo urbaine\",\"breadcrumb\":{\"@id\":\"https:\/\/laurencepm-photo.com\/boutique\/contact\/#breadcrumb\"},\"inLanguage\":\"fr-FR\",\"potentialAction\":[{\"@type\":\"ReadAction\",\"target\":[\"https:\/\/laurencepm-photo.com\/boutique\/contact\/\"]}]},{\"@type\":\"BreadcrumbList\",\"@id\":\"https:\/\/laurencepm-photo.com\/boutique\/contact\/#breadcrumb\",\"itemListElement\":[{\"@type\":\"ListItem\",\"position\":1,\"name\":\"Accueil\",\"item\":\"https:\/\/laurencepm-photo.com\/boutique\/\"},{\"@type\":\"ListItem\",\"position\":2,\"name\":\"Contact\"}]},{\"@type\":\"WebSite\",\"@id\":\"https:\/\/laurencepm-photo.com\/boutique\/#website\",\"url\":\"https:\/\/laurencepm-photo.com\/boutique\/\",\"name\":\"Boutique de tirages d'art - Photos de paysages et de voyage\",\"description\":\"\",\"publisher\":{\"@id\":\"https:\/\/laurencepm-photo.com\/boutique\/#organization\"},\"potentialAction\":[{\"@type\":\"SearchAction\",\"target\":{\"@type\":\"EntryPoint\",\"urlTemplate\":\"https:\/\/laurencepm-photo.com\/boutique\/?s={search_term_string}\"},\"query-input\":{\"@type\":\"PropertyValueSpecification\",\"valueRequired\":true,\"valueName\":\"search_term_string\"}}],\"inLanguage\":\"fr-FR\"},{\"@type\":\"Organization\",\"@id\":\"https:\/\/laurencepm-photo.com\/boutique\/#organization\",\"name\":\"Laurence PM Photo\",\"url\":\"https:\/\/laurencepm-photo.com\/boutique\/\",\"logo\":{\"@type\":\"ImageObject\",\"inLanguage\":\"fr-FR\",\"@id\":\"https:\/\/laurencepm-photo.com\/boutique\/#\/schema\/logo\/image\/\",\"url\":\"https:\/\/laurencepm-photo.com\/boutique\/wp-content\/uploads\/2021\/09\/logophoto.png\",\"contentUrl\":\"https:\/\/laurencepm-photo.com\/boutique\/wp-content\/uploads\/2021\/09\/logophoto.png\",\"width\":1320,\"height\":549,\"caption\":\"Laurence PM Photo\"},\"image\":{\"@id\":\"https:\/\/laurencepm-photo.com\/boutique\/#\/schema\/logo\/image\/\"},\"sameAs\":[\"https:\/\/www.instagram.com\/laurencepmphoto\/\"]}]}<\/script>\n<!-- \/ Yoast SEO plugin. -->","yoast_head_json":{"title":"Contact - Boutique de tirages d&#039;art - Photos de paysages et de voyage","description":"Photos de paysages disponibles sur tous types de supports et toutes dimensions. Imprim\u00e9es en France. D\u00e9coration des murs, bureaux, \u00e0 offrir, bons cadeaux et tirages d'art. Photos de Annecy, Rh\u00f4ne-Alpes, Parcs americains, photos de voyage, photo urbaine","robots":{"index":"index","follow":"follow","max-snippet":"max-snippet:-1","max-image-preview":"max-image-preview:large","max-video-preview":"max-video-preview:-1"},"canonical":"https:\/\/laurencepm-photo.com\/boutique\/contact\/","og_locale":"fr_FR","og_type":"article","og_title":"Contact - Boutique de tirages d&#039;art - Photos de paysages et de voyage","og_description":"Photos de paysages disponibles sur tous types de supports et toutes dimensions. Imprim\u00e9es en France. D\u00e9coration des murs, bureaux, \u00e0 offrir, bons cadeaux et tirages d'art. Photos de Annecy, Rh\u00f4ne-Alpes, Parcs americains, photos de voyage, photo urbaine","og_url":"https:\/\/laurencepm-photo.com\/boutique\/contact\/","og_site_name":"Boutique de tirages d&#039;art - Photos de paysages et de voyage","article_modified_time":"2025-03-12T09:18:16+00:00","twitter_card":"summary_large_image","twitter_misc":{"Dur\u00e9e de lecture estim\u00e9e":"1 minute"},"schema":{"@context":"https:\/\/schema.org","@graph":[{"@type":"WebPage","@id":"https:\/\/laurencepm-photo.com\/boutique\/contact\/","url":"https:\/\/laurencepm-photo.com\/boutique\/contact\/","name":"Contact - Boutique de tirages d&#039;art - Photos de paysages et de voyage","isPartOf":{"@id":"https:\/\/laurencepm-photo.com\/boutique\/#website"},"datePublished":"2019-08-09T13:05:47+00:00","dateModified":"2025-03-12T09:18:16+00:00","description":"Photos de paysages disponibles sur tous types de supports et toutes dimensions. Imprim\u00e9es en France. D\u00e9coration des murs, bureaux, \u00e0 offrir, bons cadeaux et tirages d'art. Photos de Annecy, Rh\u00f4ne-Alpes, Parcs americains, photos de voyage, photo urbaine","breadcrumb":{"@id":"https:\/\/laurencepm-photo.com\/boutique\/contact\/#breadcrumb"},"inLanguage":"fr-FR","potentialAction":[{"@type":"ReadAction","target":["https:\/\/laurencepm-photo.com\/boutique\/contact\/"]}]},{"@type":"BreadcrumbList","@id":"https:\/\/laurencepm-photo.com\/boutique\/contact\/#breadcrumb","itemListElement":[{"@type":"ListItem","position":1,"name":"Accueil","item":"https:\/\/laurencepm-photo.com\/boutique\/"},{"@type":"ListItem","position":2,"name":"Contact"}]},{"@type":"WebSite","@id":"https:\/\/laurencepm-photo.com\/boutique\/#website","url":"https:\/\/laurencepm-photo.com\/boutique\/","name":"Boutique de tirages d'art - Photos de paysages et de voyage","description":"","publisher":{"@id":"https:\/\/laurencepm-photo.com\/boutique\/#organization"},"potentialAction":[{"@type":"SearchAction","target":{"@type":"EntryPoint","urlTemplate":"https:\/\/laurencepm-photo.com\/boutique\/?s={search_term_string}"},"query-input":{"@type":"PropertyValueSpecification","valueRequired":true,"valueName":"search_term_string"}}],"inLanguage":"fr-FR"},{"@type":"Organization","@id":"https:\/\/laurencepm-photo.com\/boutique\/#organization","name":"Laurence PM Photo","url":"https:\/\/laurencepm-photo.com\/boutique\/","logo":{"@type":"ImageObject","inLanguage":"fr-FR","@id":"https:\/\/laurencepm-photo.com\/boutique\/#\/schema\/logo\/image\/","url":"https:\/\/laurencepm-photo.com\/boutique\/wp-content\/uploads\/2021\/09\/logophoto.png","contentUrl":"https:\/\/laurencepm-photo.com\/boutique\/wp-content\/uploads\/2021\/09\/logophoto.png","width":1320,"height":549,"caption":"Laurence PM Photo"},"image":{"@id":"https:\/\/laurencepm-photo.com\/boutique\/#\/schema\/logo\/image\/"},"sameAs":["https:\/\/www.instagram.com\/laurencepmphoto\/"]}]}},"jetpack_sharing_enabled":true,"_links":{"self":[{"href":"https:\/\/laurencepm-photo.com\/boutique\/wp-json\/wp\/v2\/pages\/3094","targetHints":{"allow":["GET"]}}],"collection":[{"href":"https:\/\/laurencepm-photo.com\/boutique\/wp-json\/wp\/v2\/pages"}],"about":[{"href":"https:\/\/laurencepm-photo.com\/boutique\/wp-json\/wp\/v2\/types\/page"}],"author":[{"embeddable":true,"href":"https:\/\/laurencepm-photo.com\/boutique\/wp-json\/wp\/v2\/users\/1"}],"replies":[{"embeddable":true,"href":"https:\/\/laurencepm-photo.com\/boutique\/wp-json\/wp\/v2\/comments?post=3094"}],"version-history":[{"count":3,"href":"https:\/\/laurencepm-photo.com\/boutique\/wp-json\/wp\/v2\/pages\/3094\/revisions"}],"predecessor-version":[{"id":9968,"href":"https:\/\/laurencepm-photo.com\/boutique\/wp-json\/wp\/v2\/pages\/3094\/revisions\/9968"}],"wp:attachment":[{"href":"https:\/\/laurencepm-photo.com\/boutique\/wp-json\/wp\/v2\/media?parent=3094"}],"curies":[{"name":"wp","href":"https:\/\/api.w.org\/{rel}","templated":true}]}}