{"id":1712,"date":"2019-01-31T09:58:01","date_gmt":"2019-01-31T09:58:01","guid":{"rendered":"http:\/\/proteo.yithemes.com\/classic-shop\/?page_id=1712"},"modified":"2021-10-15T18:49:21","modified_gmt":"2021-10-15T16:49:21","slug":"typesdesupports","status":"publish","type":"page","link":"https:\/\/laurencepm-photo.com\/boutique\/typesdesupports\/","title":{"rendered":"Types de supports disponibles"},"content":{"rendered":"<div class=\"wpb-content-wrapper\"><p>[vc_row][vc_column][vc_column_text]Les tirages sont disponibles en papier photo, en papier Fineart et en Alu Dibond (tirage papier lamin\u00e9 sur plaque aluminium, prot\u00e9g\u00e9 des UV et livr\u00e9 avec une accroche au dos).[\/vc_column_text][\/vc_column][\/vc_row][vc_row][vc_column width=&#8221;2\/3&#8243;][vc_column_text]<\/p>\n<h2>Papiers photo<\/h2>\n<p><strong>Le papier de marque Epson 189g<\/strong> imprim\u00e9 sur traceurs EPSON de derni\u00e8re g\u00e9n\u00e9ration qui utilisent des encres Ultrachrome K3. Il devra \u00eatre encadr\u00e9 par vos soins selon vos besoins (je peux vous orienter vers des professionnels de l&#8217;encadrement si besoin).<br \/>\nDe nombreux papiers disponible sur devis, n\u2019h\u00e9sitez pas \u00e0 me contacter si vous souhaitez un papier qui n\u2019apparait pas dans la liste de prix.[\/vc_column_text][\/vc_column][vc_column width=&#8221;1\/3&#8243;][vc_single_image image=&#8221;8000&#8243; img_size=&#8221;medium&#8221; onclick=&#8221;link_image&#8221; css_animation=&#8221;bounceIn&#8221;][\/vc_column][\/vc_row][vc_row][vc_column width=&#8221;2\/3&#8243;][vc_column_text]<strong>Le papier Tecco Pearl Gloss 250g<\/strong> a une finition de type satin, une texture finement perl\u00e9e et un fort grammage.<\/p>\n<p>Il devra \u00eatre encadr\u00e9 par vos soins selon vos besoins (je peux vous orienter vers des professionnels de l&#8217;encadrement si besoin).<br \/>\nDe nombreux papiers disponible sur devis, n\u2019h\u00e9sitez pas \u00e0 me contacter si vous souhaitez un papier qui n\u2019apparait pas dans la liste de prix.[\/vc_column_text][vc_column_text]<\/p>\n<p style=\"text-align: right;\"><em>Cliquez pour zoomer sur l&#8217;aper\u00e7u<\/em> \u2192<\/p>\n<p>[\/vc_column_text][\/vc_column][vc_column width=&#8221;1\/3&#8243;][vc_images_carousel images=&#8221;7996,9238&#8243; img_size=&#8221;medium&#8221; speed=&#8221;2000&#8243; autoplay=&#8221;yes&#8221; wrap=&#8221;yes&#8221; css_animation=&#8221;bounceIn&#8221;][\/vc_column][\/vc_row][vc_row][vc_column width=&#8221;2\/3&#8243;][vc_column_text]<\/p>\n<h2>Papiers Fineart<\/h2>\n<p>J&#8217;ai s\u00e9lectionn\u00e9 le papier Ph<span class=\"top-features\">oto Gloss Baryta 325 : 325 g\/m\u00b2 \u00b7 100% \u03b1-cellulose \u00b7 extra blanc \u00b7 haute brillance. <\/span> C&#8217;est un papier d\u2019art de grande qualit\u00e9 .<\/p>\n<p><a href=\"https:\/\/www.hahnemuehle.com\/fr\/digital-fineart\/hahnemuehle-photo\/p\/Product\/show\/37\/862.html\" target=\"_blank\" rel=\"noopener\">Plus d&#8217;infos sur le site du fabricant.<\/a>[\/vc_column_text][vc_column_text]<\/p>\n<p style=\"text-align: right;\"><em>Cliquez pour zoomer sur l&#8217;aper\u00e7u<\/em> \u2192<\/p>\n<p>[\/vc_column_text][\/vc_column][vc_column width=&#8221;1\/3&#8243;][vc_images_carousel images=&#8221;7997,7524&#8243; img_size=&#8221;medium&#8221; speed=&#8221;2000&#8243; autoplay=&#8221;yes&#8221; wrap=&#8221;yes&#8221; css_animation=&#8221;bounceIn&#8221;][\/vc_column][\/vc_row][vc_row][vc_column width=&#8221;2\/3&#8243;][vc_column_text]<\/p>\n<h2>Laminage Alu Dibond<\/h2>\n<p>Le tirage papier est coll\u00e9 sur une plaque compos\u00e9e de deux parements en aluminium et d&#8217;un noyau en poly\u00e9thyl\u00e8ne. Il est l\u00e9ger, extr\u00eamement rigide et stable. On applique ensuite un film de protection anti UV (sauf sur les tirages Fine art) invisible et lavable.<\/p>\n<p>Dans la version matte, l&#8217;impression peut se faire directement sur la plaque d&#8217;aluminium.[\/vc_column_text][\/vc_column][vc_column width=&#8221;1\/3&#8243;][vc_single_image image=&#8221;7660&#8243; img_size=&#8221;medium&#8221; onclick=&#8221;link_image&#8221;][\/vc_column][\/vc_row][vc_row][vc_column width=&#8221;2\/3&#8243;][vc_column_text]<\/p>\n<h2>Finitions possibles<\/h2>\n<p>2 finitions sont disponibles pour de belles photos : mate et brillante[\/vc_column_text][\/vc_column][vc_column width=&#8221;1\/3&#8243;][vc_single_image image=&#8221;7661&#8243; img_size=&#8221;medium&#8221; onclick=&#8221;link_image&#8221;][\/vc_column][\/vc_row][vc_row][vc_column][vc_column_text]<\/p>\n<h2>Fixation<\/h2>\n<p>Un syst\u00e8me de fixation est coll\u00e9 au dos de la plaque aluminium. Cela permet d&#8217;\u00e9loigner le panneau du mur et de mettre en valeur votre photo. Selon les dimensions du tirages et le fournisseur, le syst\u00e8me d&#8217;accroche peut varier. Il sera compos\u00e9 soit d&#8217;un cadre, de 2 rails ou d&#8217;une plaque unique :[\/vc_column_text][\/vc_column][\/vc_row][vc_row][vc_column width=&#8221;1\/3&#8243;][vc_single_image image=&#8221;7662&#8243; img_size=&#8221;medium&#8221; alignment=&#8221;center&#8221;][\/vc_column][vc_column width=&#8221;1\/3&#8243;][vc_single_image image=&#8221;7663&#8243; img_size=&#8221;medium&#8221; alignment=&#8221;center&#8221;][\/vc_column][vc_column width=&#8221;1\/3&#8243;][vc_single_image image=&#8221;7664&#8243; img_size=&#8221;medium&#8221; alignment=&#8221;center&#8221;][\/vc_column][\/vc_row][vc_row][vc_column][vc_empty_space height=&#8221;80px&#8221;][\/vc_column][\/vc_row][vc_row][vc_column][vc_column_text]<\/p>\n<h2 style=\"text-align: center;\">Pour vous aider \u00e0 choisir le format<\/h2>\n<p>[\/vc_column_text][\/vc_column][\/vc_row][vc_row][vc_column width=&#8221;1\/2&#8243;][vc_single_image image=&#8221;7667&#8243; img_size=&#8221;large&#8221; alignment=&#8221;center&#8221; title=&#8221;20 x 30 cm&#8221;][\/vc_column][vc_column width=&#8221;1\/2&#8243;][vc_single_image image=&#8221;7668&#8243; img_size=&#8221;large&#8221; alignment=&#8221;center&#8221; title=&#8221;50 x 70 cm&#8221;][\/vc_column][\/vc_row][vc_row][vc_column][vc_empty_space height=&#8221;70px&#8221;][\/vc_column][\/vc_row][vc_row][vc_column width=&#8221;1\/2&#8243;][vc_single_image image=&#8221;7670&#8243; img_size=&#8221;large&#8221; alignment=&#8221;center&#8221; title=&#8221;60 x 90 cm&#8221;][\/vc_column][vc_column width=&#8221;1\/2&#8243;][vc_single_image image=&#8221;7671&#8243; img_size=&#8221;large&#8221; alignment=&#8221;center&#8221; title=&#8221;70 x 100 cm&#8221;][\/vc_column][\/vc_row]<\/p>\n<\/div>","protected":false},"excerpt":{"rendered":"<p>[vc_row][vc_column][vc_column_text]Les tirages sont disponibles en papier photo, en papier Fineart et en Alu Dibond (tirage papier lamin\u00e9 sur plaque aluminium, prot\u00e9g\u00e9 des UV et livr\u00e9 avec une accroche au dos).[\/vc_column_text][\/vc_column][\/vc_row][vc_row][vc_column width=&#8221;2\/3&#8243;][vc_column_text] Papiers photo Le papier de marque Epson 189g imprim\u00e9 sur traceurs EPSON de derni\u00e8re g\u00e9n\u00e9ration qui utilisent des encres Ultrachrome K3. Il devra \u00eatre<a class=\"more-link\" href=\"https:\/\/laurencepm-photo.com\/boutique\/typesdesupports\/\">Lire plus \u27f6<\/a><\/p>\n","protected":false},"author":1,"featured_media":0,"parent":0,"menu_order":0,"comment_status":"closed","ping_status":"closed","template":"","meta":{"_editorskit_title_hidden":false,"_editorskit_reading_time":0,"_editorskit_is_block_options_detached":false,"_editorskit_block_options_position":"{}","footnotes":""},"class_list":["post-1712","page","type-page","status-publish","hentry"],"yoast_head":"<!-- This site is optimized with the Yoast SEO plugin v26.6 - https:\/\/yoast.com\/wordpress\/plugins\/seo\/ -->\n<title>Types de supports disponibles - Boutique de tirages d&#039;art - Photos de paysages et de voyage<\/title>\n<meta name=\"description\" content=\"Photos de paysages disponibles sur tous types de supports et toutes dimensions. Imprim\u00e9es en France. D\u00e9coration des murs, bureaux, \u00e0 offrir, bons cadeaux et tirages d&#039;art. Photos de Annecy, Rh\u00f4ne-Alpes, Parcs americains, photos de voyage, photo urbaine\" \/>\n<meta name=\"robots\" content=\"index, follow, max-snippet:-1, max-image-preview:large, max-video-preview:-1\" \/>\n<link rel=\"canonical\" href=\"https:\/\/laurencepm-photo.com\/boutique\/typesdesupports\/\" \/>\n<meta property=\"og:locale\" content=\"fr_FR\" \/>\n<meta property=\"og:type\" content=\"article\" \/>\n<meta property=\"og:title\" content=\"Types de supports disponibles - Boutique de tirages d&#039;art - Photos de paysages et de voyage\" \/>\n<meta property=\"og:description\" content=\"Photos de paysages disponibles sur tous types de supports et toutes dimensions. Imprim\u00e9es en France. D\u00e9coration des murs, bureaux, \u00e0 offrir, bons cadeaux et tirages d&#039;art. Photos de Annecy, Rh\u00f4ne-Alpes, Parcs americains, photos de voyage, photo urbaine\" \/>\n<meta property=\"og:url\" content=\"https:\/\/laurencepm-photo.com\/boutique\/typesdesupports\/\" \/>\n<meta property=\"og:site_name\" content=\"Boutique de tirages d&#039;art - Photos de paysages et de voyage\" \/>\n<meta property=\"article:modified_time\" content=\"2021-10-15T16:49:21+00:00\" \/>\n<meta name=\"twitter:card\" content=\"summary_large_image\" \/>\n<meta name=\"twitter:label1\" content=\"Dur\u00e9e de lecture estim\u00e9e\" \/>\n\t<meta name=\"twitter:data1\" content=\"4 minutes\" \/>\n<script type=\"application\/ld+json\" class=\"yoast-schema-graph\">{\"@context\":\"https:\/\/schema.org\",\"@graph\":[{\"@type\":\"WebPage\",\"@id\":\"https:\/\/laurencepm-photo.com\/boutique\/typesdesupports\/\",\"url\":\"https:\/\/laurencepm-photo.com\/boutique\/typesdesupports\/\",\"name\":\"Types de supports disponibles - Boutique de tirages d&#039;art - Photos de paysages et de voyage\",\"isPartOf\":{\"@id\":\"https:\/\/laurencepm-photo.com\/boutique\/#website\"},\"datePublished\":\"2019-01-31T09:58:01+00:00\",\"dateModified\":\"2021-10-15T16:49:21+00:00\",\"description\":\"Photos de paysages disponibles sur tous types de supports et toutes dimensions. Imprim\u00e9es en France. D\u00e9coration des murs, bureaux, \u00e0 offrir, bons cadeaux et tirages d'art. Photos de Annecy, Rh\u00f4ne-Alpes, Parcs americains, photos de voyage, photo urbaine\",\"breadcrumb\":{\"@id\":\"https:\/\/laurencepm-photo.com\/boutique\/typesdesupports\/#breadcrumb\"},\"inLanguage\":\"fr-FR\",\"potentialAction\":[{\"@type\":\"ReadAction\",\"target\":[\"https:\/\/laurencepm-photo.com\/boutique\/typesdesupports\/\"]}]},{\"@type\":\"BreadcrumbList\",\"@id\":\"https:\/\/laurencepm-photo.com\/boutique\/typesdesupports\/#breadcrumb\",\"itemListElement\":[{\"@type\":\"ListItem\",\"position\":1,\"name\":\"Accueil\",\"item\":\"https:\/\/laurencepm-photo.com\/boutique\/\"},{\"@type\":\"ListItem\",\"position\":2,\"name\":\"Types de supports disponibles\"}]},{\"@type\":\"WebSite\",\"@id\":\"https:\/\/laurencepm-photo.com\/boutique\/#website\",\"url\":\"https:\/\/laurencepm-photo.com\/boutique\/\",\"name\":\"Boutique de tirages d'art - Photos de paysages et de voyage\",\"description\":\"\",\"publisher\":{\"@id\":\"https:\/\/laurencepm-photo.com\/boutique\/#organization\"},\"potentialAction\":[{\"@type\":\"SearchAction\",\"target\":{\"@type\":\"EntryPoint\",\"urlTemplate\":\"https:\/\/laurencepm-photo.com\/boutique\/?s={search_term_string}\"},\"query-input\":{\"@type\":\"PropertyValueSpecification\",\"valueRequired\":true,\"valueName\":\"search_term_string\"}}],\"inLanguage\":\"fr-FR\"},{\"@type\":\"Organization\",\"@id\":\"https:\/\/laurencepm-photo.com\/boutique\/#organization\",\"name\":\"Laurence PM Photo\",\"url\":\"https:\/\/laurencepm-photo.com\/boutique\/\",\"logo\":{\"@type\":\"ImageObject\",\"inLanguage\":\"fr-FR\",\"@id\":\"https:\/\/laurencepm-photo.com\/boutique\/#\/schema\/logo\/image\/\",\"url\":\"https:\/\/laurencepm-photo.com\/boutique\/wp-content\/uploads\/2021\/09\/logophoto.png\",\"contentUrl\":\"https:\/\/laurencepm-photo.com\/boutique\/wp-content\/uploads\/2021\/09\/logophoto.png\",\"width\":1320,\"height\":549,\"caption\":\"Laurence PM Photo\"},\"image\":{\"@id\":\"https:\/\/laurencepm-photo.com\/boutique\/#\/schema\/logo\/image\/\"},\"sameAs\":[\"https:\/\/www.instagram.com\/laurencepmphoto\/\"]}]}<\/script>\n<!-- \/ Yoast SEO plugin. -->","yoast_head_json":{"title":"Types de supports disponibles - Boutique de tirages d&#039;art - Photos de paysages et de voyage","description":"Photos de paysages disponibles sur tous types de supports et toutes dimensions. Imprim\u00e9es en France. D\u00e9coration des murs, bureaux, \u00e0 offrir, bons cadeaux et tirages d'art. Photos de Annecy, Rh\u00f4ne-Alpes, Parcs americains, photos de voyage, photo urbaine","robots":{"index":"index","follow":"follow","max-snippet":"max-snippet:-1","max-image-preview":"max-image-preview:large","max-video-preview":"max-video-preview:-1"},"canonical":"https:\/\/laurencepm-photo.com\/boutique\/typesdesupports\/","og_locale":"fr_FR","og_type":"article","og_title":"Types de supports disponibles - Boutique de tirages d&#039;art - Photos de paysages et de voyage","og_description":"Photos de paysages disponibles sur tous types de supports et toutes dimensions. Imprim\u00e9es en France. D\u00e9coration des murs, bureaux, \u00e0 offrir, bons cadeaux et tirages d'art. Photos de Annecy, Rh\u00f4ne-Alpes, Parcs americains, photos de voyage, photo urbaine","og_url":"https:\/\/laurencepm-photo.com\/boutique\/typesdesupports\/","og_site_name":"Boutique de tirages d&#039;art - Photos de paysages et de voyage","article_modified_time":"2021-10-15T16:49:21+00:00","twitter_card":"summary_large_image","twitter_misc":{"Dur\u00e9e de lecture estim\u00e9e":"4 minutes"},"schema":{"@context":"https:\/\/schema.org","@graph":[{"@type":"WebPage","@id":"https:\/\/laurencepm-photo.com\/boutique\/typesdesupports\/","url":"https:\/\/laurencepm-photo.com\/boutique\/typesdesupports\/","name":"Types de supports disponibles - Boutique de tirages d&#039;art - Photos de paysages et de voyage","isPartOf":{"@id":"https:\/\/laurencepm-photo.com\/boutique\/#website"},"datePublished":"2019-01-31T09:58:01+00:00","dateModified":"2021-10-15T16:49:21+00:00","description":"Photos de paysages disponibles sur tous types de supports et toutes dimensions. Imprim\u00e9es en France. D\u00e9coration des murs, bureaux, \u00e0 offrir, bons cadeaux et tirages d'art. Photos de Annecy, Rh\u00f4ne-Alpes, Parcs americains, photos de voyage, photo urbaine","breadcrumb":{"@id":"https:\/\/laurencepm-photo.com\/boutique\/typesdesupports\/#breadcrumb"},"inLanguage":"fr-FR","potentialAction":[{"@type":"ReadAction","target":["https:\/\/laurencepm-photo.com\/boutique\/typesdesupports\/"]}]},{"@type":"BreadcrumbList","@id":"https:\/\/laurencepm-photo.com\/boutique\/typesdesupports\/#breadcrumb","itemListElement":[{"@type":"ListItem","position":1,"name":"Accueil","item":"https:\/\/laurencepm-photo.com\/boutique\/"},{"@type":"ListItem","position":2,"name":"Types de supports disponibles"}]},{"@type":"WebSite","@id":"https:\/\/laurencepm-photo.com\/boutique\/#website","url":"https:\/\/laurencepm-photo.com\/boutique\/","name":"Boutique de tirages d'art - Photos de paysages et de voyage","description":"","publisher":{"@id":"https:\/\/laurencepm-photo.com\/boutique\/#organization"},"potentialAction":[{"@type":"SearchAction","target":{"@type":"EntryPoint","urlTemplate":"https:\/\/laurencepm-photo.com\/boutique\/?s={search_term_string}"},"query-input":{"@type":"PropertyValueSpecification","valueRequired":true,"valueName":"search_term_string"}}],"inLanguage":"fr-FR"},{"@type":"Organization","@id":"https:\/\/laurencepm-photo.com\/boutique\/#organization","name":"Laurence PM Photo","url":"https:\/\/laurencepm-photo.com\/boutique\/","logo":{"@type":"ImageObject","inLanguage":"fr-FR","@id":"https:\/\/laurencepm-photo.com\/boutique\/#\/schema\/logo\/image\/","url":"https:\/\/laurencepm-photo.com\/boutique\/wp-content\/uploads\/2021\/09\/logophoto.png","contentUrl":"https:\/\/laurencepm-photo.com\/boutique\/wp-content\/uploads\/2021\/09\/logophoto.png","width":1320,"height":549,"caption":"Laurence PM Photo"},"image":{"@id":"https:\/\/laurencepm-photo.com\/boutique\/#\/schema\/logo\/image\/"},"sameAs":["https:\/\/www.instagram.com\/laurencepmphoto\/"]}]}},"jetpack_sharing_enabled":true,"_links":{"self":[{"href":"https:\/\/laurencepm-photo.com\/boutique\/wp-json\/wp\/v2\/pages\/1712","targetHints":{"allow":["GET"]}}],"collection":[{"href":"https:\/\/laurencepm-photo.com\/boutique\/wp-json\/wp\/v2\/pages"}],"about":[{"href":"https:\/\/laurencepm-photo.com\/boutique\/wp-json\/wp\/v2\/types\/page"}],"author":[{"embeddable":true,"href":"https:\/\/laurencepm-photo.com\/boutique\/wp-json\/wp\/v2\/users\/1"}],"replies":[{"embeddable":true,"href":"https:\/\/laurencepm-photo.com\/boutique\/wp-json\/wp\/v2\/comments?post=1712"}],"version-history":[{"count":0,"href":"https:\/\/laurencepm-photo.com\/boutique\/wp-json\/wp\/v2\/pages\/1712\/revisions"}],"wp:attachment":[{"href":"https:\/\/laurencepm-photo.com\/boutique\/wp-json\/wp\/v2\/media?parent=1712"}],"curies":[{"name":"wp","href":"https:\/\/api.w.org\/{rel}","templated":true}]}}